{"id":21657,"date":"2025-12-16T16:37:17","date_gmt":"2025-12-16T15:37:17","guid":{"rendered":"https:\/\/www.portugalskiswiat.com\/sklep\/uncategorized\/conde-de-cantanhede-d-o-c-bairrada-selecao-do-enologo\/"},"modified":"2025-12-16T16:37:17","modified_gmt":"2025-12-16T15:37:17","slug":"conde-de-cantanhede-d-o-c-bairrada-selecao-do-enologo","status":"publish","type":"product","link":"https:\/\/www.portugalskiswiat.com\/en\/sklep\/drinks\/wine\/conde-de-cantanhede-d-o-c-bairrada-selecao-do-enologo\/","title":{"rendered":"CONDE DE CANTANHEDE D.O.C. Bairrada Sele\u00e7\u00e3o do En\u00f3logo"},"content":{"rendered":"<p>CLASSIFICATION: D.O.C.<br \/>\nREGION: Bairrada<br \/>\nWINE TYPE: White wine<br \/>\nGRAPE VARIETIES: 40% Bical, 40% Maria-Gomes and 20% Arinto.<br \/>\nWINEMAKER: Osvaldo Amado<br \/>\nAPPEARANCE: Crystalline<br \/>\nCOLOUR: Defined lemon colour with slight green tones.<br \/>\nAROMA: A young fruity wine with predominant notes of white pulp fruit, citrus fruit and tropical nuances.<br \/>\nTASTE: Fruity, fresh, harmonious with a remarkable finish.<br \/>\nWINEMAKING PROCESS: Total destemming, soft pressing and alcoholic fermentation at 16\u00baC.<br \/>\nAGEING: A minimum of 2 months in bottle.<br \/>\nSERVING SUGGESTIONS: Ideal with pasta, boiled or grilled fish, shellfish, grilled white meat and soft cheeses or during leisure times.<\/p>\n<p>ANALYTICAL PARAMETERS:<br \/>\nAlcoholic level: 12.5% pH: 3.30%<br \/>\nTotal acidity: 5.6 g\/l Total sugars: 3.5 g\/l<\/p>\n<p>Drink at 8\u00baC<\/p>\n<p>&nbsp;<\/p>\n","protected":false},"excerpt":{"rendered":"<p>CLASSIFICATION: D.O.C. REGION: Bairrada WINE TYPE: White wine GRAPE VARIETIES: 40% Bical, 40% Maria-Gomes and 20% Arinto. WINEMAKER: Osvaldo Amado APPEARANCE: Crystalline COLOUR: Defined lemon colour with slight green tones. AROMA: A young fruity wine with predominant notes of white pulp fruit, citrus fruit and tropical nuances. TASTE: Fruity, fresh, harmonious with a remarkable finish. [&hellip;]<\/p>\n","protected":false},"featured_media":19407,"comment_status":"closed","ping_status":"closed","template":"","meta":[],"product_brand":[1449],"product_cat":[1094,1097],"product_tag":[],"class_list":{"0":"post-21657","1":"product","2":"type-product","3":"status-publish","4":"has-post-thumbnail","6":"product_brand-a-c-de-cantanhede","7":"product_cat-drinks","8":"product_cat-wine","10":"first","11":"instock","12":"purchasable","13":"product-type-simple"},"_links":{"self":[{"href":"https:\/\/www.portugalskiswiat.com\/en\/wp-json\/wp\/v2\/product\/21657","targetHints":{"allow":["GET"]}}],"collection":[{"href":"https:\/\/www.portugalskiswiat.com\/en\/wp-json\/wp\/v2\/product"}],"about":[{"href":"https:\/\/www.portugalskiswiat.com\/en\/wp-json\/wp\/v2\/types\/product"}],"replies":[{"embeddable":true,"href":"https:\/\/www.portugalskiswiat.com\/en\/wp-json\/wp\/v2\/comments?post=21657"}],"wp:featuredmedia":[{"embeddable":true,"href":"https:\/\/www.portugalskiswiat.com\/en\/wp-json\/wp\/v2\/media\/19407"}],"wp:attachment":[{"href":"https:\/\/www.portugalskiswiat.com\/en\/wp-json\/wp\/v2\/media?parent=21657"}],"wp:term":[{"taxonomy":"product_brand","embeddable":true,"href":"https:\/\/www.portugalskiswiat.com\/en\/wp-json\/wp\/v2\/product_brand?post=21657"},{"taxonomy":"product_cat","embeddable":true,"href":"https:\/\/www.portugalskiswiat.com\/en\/wp-json\/wp\/v2\/product_cat?post=21657"},{"taxonomy":"product_tag","embeddable":true,"href":"https:\/\/www.portugalskiswiat.com\/en\/wp-json\/wp\/v2\/product_tag?post=21657"}],"curies":[{"name":"wp","href":"https:\/\/api.w.org\/{rel}","templated":true}]}}