{"id":21600,"date":"2025-12-16T16:36:04","date_gmt":"2025-12-16T15:36:04","guid":{"rendered":"https:\/\/www.portugalskiswiat.com\/sklep\/uncategorized\/fonte-do-ouro-d-o-c-dao-reserva-especial-t-n\/"},"modified":"2025-12-16T16:36:04","modified_gmt":"2025-12-16T15:36:04","slug":"fonte-do-ouro-d-o-c-dao-reserva-especial-t-n","status":"publish","type":"product","link":"https:\/\/www.portugalskiswiat.com\/en\/sklep\/drinks\/wine\/fonte-do-ouro-d-o-c-dao-reserva-especial-t-n\/","title":{"rendered":"FONTE DO OURO D.O.C. D\u00e3o Reserva Especial T.N."},"content":{"rendered":"<p>srebrny medal \u2013 Vinalies 2011;<\/p>\n<p>srebrny medal \u2013 Concours Moundial de Bruxelles 2011;<\/p>\n<p>srebrny medal \u2013 IWC 2010<\/p>\n<p><strong>Terroir: <\/strong>gleby piaszczysto-gliniaste na pod\u0142o\u017cu granitowym, o lekko kwa\u015bnym odczynie, ubogie w sk\u0142adniki od\u017cywcze, klimat \u015br\u00f3dziemnomorski<\/p>\n<p><strong>Proces produkcji:<\/strong> D\u0142ugotrwa\u0142a fermentacja i maceracja aby w pe\u0142ni wydoby\u0107 ca\u0142y potencja\u0142 jaki kryje w sobie ten niezwyk\u0142y gatunek winogron. Po zako\u0144czeniu fermentacji malolaktycznej. Starzenie w nowych beczkach z francuskiego , wino dojrzewa w nich przez 12 miesi\u0119cy  <\/p>\n<p><strong>Uwagi degustacyjne:<\/strong><\/p>\n<p>Barwa: ciemno rubinowa<\/p>\n<p>Aromat: Charakterystyczna dla szczepu Touriga Nacional nuta kwiatowa fio\u0142k\u00f3w i bergamotki oraz dojrza\u0142ych czarnych porzeczek, po\u0142\u0105czona z elegancj\u0105 zapachu d\u0119bu z Allier<\/p>\n<p>Usta: intensywne lecz kr\u0105g\u0142e taniny, znakomicie skomponowane z nut\u0105 je\u017cyn, jag\u00f3d i bor\u00f3wek, wino harmonijne i doskonale z\u0142o\u017cone. Fina\u0142 delikatny, przyjemny i d\u0142ugotrwa\u0142y <\/p>\n<p><strong>Zawarto\u015b\u0107 alkoholu:<\/strong> 13,5% <strong>Kwasowo\u015b\u0107:<\/strong> 6,5 g\/l <strong>pH:<\/strong> 3,75<\/p>\n","protected":false},"excerpt":{"rendered":"<p>srebrny medal \u2013 Vinalies 2011; srebrny medal \u2013 Concours Moundial de Bruxelles 2011; srebrny medal \u2013 IWC 2010 Terroir: gleby piaszczysto-gliniaste na pod\u0142o\u017cu granitowym, o lekko kwa\u015bnym odczynie, ubogie w sk\u0142adniki od\u017cywcze, klimat \u015br\u00f3dziemnomorski Proces produkcji: D\u0142ugotrwa\u0142a fermentacja i maceracja aby w pe\u0142ni wydoby\u0107 ca\u0142y potencja\u0142 jaki kryje w sobie ten niezwyk\u0142y gatunek winogron. Po [&hellip;]<\/p>\n","protected":false},"featured_media":18585,"comment_status":"closed","ping_status":"closed","template":"","meta":[],"product_brand":[1411],"product_cat":[1094,1097],"product_tag":[1374,1355,1101],"class_list":{"0":"post-21600","1":"product","2":"type-product","3":"status-publish","4":"has-post-thumbnail","6":"product_brand-boas-quintas","7":"product_cat-drinks","8":"product_cat-wine","9":"product_tag-barrel-aged","10":"product_tag-mono-varietal","11":"product_tag-premium-wines","13":"first","14":"instock","15":"purchasable","16":"product-type-simple"},"_links":{"self":[{"href":"https:\/\/www.portugalskiswiat.com\/en\/wp-json\/wp\/v2\/product\/21600","targetHints":{"allow":["GET"]}}],"collection":[{"href":"https:\/\/www.portugalskiswiat.com\/en\/wp-json\/wp\/v2\/product"}],"about":[{"href":"https:\/\/www.portugalskiswiat.com\/en\/wp-json\/wp\/v2\/types\/product"}],"replies":[{"embeddable":true,"href":"https:\/\/www.portugalskiswiat.com\/en\/wp-json\/wp\/v2\/comments?post=21600"}],"wp:featuredmedia":[{"embeddable":true,"href":"https:\/\/www.portugalskiswiat.com\/en\/wp-json\/wp\/v2\/media\/18585"}],"wp:attachment":[{"href":"https:\/\/www.portugalskiswiat.com\/en\/wp-json\/wp\/v2\/media?parent=21600"}],"wp:term":[{"taxonomy":"product_brand","embeddable":true,"href":"https:\/\/www.portugalskiswiat.com\/en\/wp-json\/wp\/v2\/product_brand?post=21600"},{"taxonomy":"product_cat","embeddable":true,"href":"https:\/\/www.portugalskiswiat.com\/en\/wp-json\/wp\/v2\/product_cat?post=21600"},{"taxonomy":"product_tag","embeddable":true,"href":"https:\/\/www.portugalskiswiat.com\/en\/wp-json\/wp\/v2\/product_tag?post=21600"}],"curies":[{"name":"wp","href":"https:\/\/api.w.org\/{rel}","templated":true}]}}