{"id":21343,"date":"2026-04-26T09:05:42","date_gmt":"2026-04-26T07:05:42","guid":{"rendered":"https:\/\/www.portugalskiswiat.com\/?post_type=product&#038;p=21343"},"modified":"2026-04-26T21:36:44","modified_gmt":"2026-04-26T19:36:44","slug":"trilho-em-pormenor-d-o-c-douro","status":"publish","type":"product","link":"https:\/\/www.portugalskiswiat.com\/en\/sklep\/drinks\/wine\/trilho-em-pormenor-d-o-c-douro\/","title":{"rendered":"TRILHO em PORMENOR D.O.C Douro"},"content":{"rendered":"<table>\n<tbody>\n<tr>\n<td><strong>Region:<\/strong> D.O.C Douro<\/p>\n<p><strong>Typ:<\/strong> czerwone, wytrawne<\/p>\n<p><strong>Szczepy:<\/strong> Typowe odmiany dla doliny Douro: Touriga Franca, Tinta Roriz, Tinta Amarela oraz Rufete.<\/p>\n<p><strong>Winifikacia:<\/strong> wino powsta\u0142e w wyniku umiej\u0119tnego po\u0142\u0105czenia typowych czerwonych winogron z regionu Douro. Obsadzonych w Soutelo do Douro-Cima Corgo na ponad 500m. \u015arednia wieku krzew\u00f3w przekracza 60 lat. 2015 by\u0142 rocznikiem z wysok\u0105 temperatur\u0105 i niskiej wilgotno\u015bci, kt\u00f3re pozwoli\u0142y na zr\u00f3wnowa\u017cone dojrzewanie winogron. Zbierane na pocz\u0105tku wrze\u015bnia. Osi\u0105gni\u0119to planowany efekt. Niepot\u0119\u017cne wino, ale eleganckie \u015bwie\u017ce z odpowiedni\u0105 koncentracj\u0105 aromat\u00f3w, \u015bredniej d\u0142ugo\u015bci ale trwale wyko\u0144czone. Fermentacja i maceracja prowadzona przez 25 dni w zbiornikach ze stali nierdzewnej. Starzone w u\u017cywanych beczkach z francuskiej d\u0119biny (228L) przez 18 miesi\u0119cy do momentu zabutelkowania.<\/p>\n<p><strong>Degustacja:<\/strong> Wino reprezentuje l\u017cejszy styl z doliny Douro, jednak\u017ce struktura wina dobrze wype\u0142nia usta, przyjemne taniny. Kolor purpury z br\u0105zowymi refleksami. Przewa\u017ca aromat je\u017cyny, soczyste jagody podkre\u015blone nut\u0105 fio\u0142kow\u0105. Delikatnie wkomponowana beczka, daj\u0105c\u0105 \u015bredni finisz z nuta zi\u00f3\u0142.<\/p>\n<p><strong>Sugestie podawania:<\/strong> Do natychmiastowego spo\u017cycia, pomimo potencja\u0142u do starzenia si\u0119 i przewidywanej dobrej ewolucji w butelce<\/p>\n<p><strong>Wyprodukowano limitowana ilo\u015b\u0107 1 132 butelek.\u00a0<\/strong><\/p>\n<p>&nbsp;<\/td>\n<\/tr>\n<\/tbody>\n<\/table>\n<p>&nbsp;<\/p>\n","protected":false},"excerpt":{"rendered":"<p>Region: D.O.C Douro Typ: czerwone, wytrawne Szczepy: Typowe odmiany dla doliny Douro: Touriga Franca, Tinta Roriz, Tinta Amarela oraz Rufete. Winifikacia: wino powsta\u0142e w wyniku umiej\u0119tnego po\u0142\u0105czenia typowych czerwonych winogron z regionu Douro. Obsadzonych w Soutelo do Douro-Cima Corgo na ponad 500m. \u015arednia wieku krzew\u00f3w przekracza 60 lat. 2015 by\u0142 rocznikiem z wysok\u0105 temperatur\u0105 i [&hellip;]<\/p>\n","protected":false},"featured_media":19929,"comment_status":"open","ping_status":"open","template":"","meta":[],"product_brand":[1439],"product_cat":[1094,1097],"product_tag":[1101],"class_list":{"0":"post-21343","1":"product","2":"type-product","3":"status-publish","4":"has-post-thumbnail","6":"product_brand-pormenor","7":"product_cat-drinks","8":"product_cat-wine","9":"product_tag-premium-wines","10":"pa_size-750ml","11":"pa_styl-wina-spokojne","13":"first","14":"instock","15":"purchasable","16":"product-type-simple"},"_links":{"self":[{"href":"https:\/\/www.portugalskiswiat.com\/en\/wp-json\/wp\/v2\/product\/21343","targetHints":{"allow":["GET"]}}],"collection":[{"href":"https:\/\/www.portugalskiswiat.com\/en\/wp-json\/wp\/v2\/product"}],"about":[{"href":"https:\/\/www.portugalskiswiat.com\/en\/wp-json\/wp\/v2\/types\/product"}],"replies":[{"embeddable":true,"href":"https:\/\/www.portugalskiswiat.com\/en\/wp-json\/wp\/v2\/comments?post=21343"}],"wp:featuredmedia":[{"embeddable":true,"href":"https:\/\/www.portugalskiswiat.com\/en\/wp-json\/wp\/v2\/media\/19929"}],"wp:attachment":[{"href":"https:\/\/www.portugalskiswiat.com\/en\/wp-json\/wp\/v2\/media?parent=21343"}],"wp:term":[{"taxonomy":"product_brand","embeddable":true,"href":"https:\/\/www.portugalskiswiat.com\/en\/wp-json\/wp\/v2\/product_brand?post=21343"},{"taxonomy":"product_cat","embeddable":true,"href":"https:\/\/www.portugalskiswiat.com\/en\/wp-json\/wp\/v2\/product_cat?post=21343"},{"taxonomy":"product_tag","embeddable":true,"href":"https:\/\/www.portugalskiswiat.com\/en\/wp-json\/wp\/v2\/product_tag?post=21343"}],"curies":[{"name":"wp","href":"https:\/\/api.w.org\/{rel}","templated":true}]}}