{"id":20997,"date":"2026-04-13T19:26:27","date_gmt":"2026-04-13T17:26:27","guid":{"rendered":"https:\/\/www.portugalskiswiat.com\/sklep\/uncategorized\/insignia-porto-l-b-v-2017\/"},"modified":"2026-04-13T19:30:06","modified_gmt":"2026-04-13T17:30:06","slug":"insignia-porto-l-b-v-2017","status":"publish","type":"product","link":"https:\/\/www.portugalskiswiat.com\/en\/sklep\/drinks\/wine\/insignia-porto-l-b-v-2017\/","title":{"rendered":"INS\u00cdGNIA Porto L.B.V. 2017"},"content":{"rendered":"<p><strong>Typ:<\/strong> Czerwone, p\u00f3\u0142s\u0142odkie, wzmacniane<\/p>\n<p><strong>Terroir:<\/strong> winnice z podregion\u00f3w Baixo Corgo i Cima Corgo obsadzone starymi winoro\u015blami w tradycyjnym systemie tarasowym z r\u00f3\u017cnymi ekspozycjami na s\u0142o\u0144ce o ru\u017cniej wysoko\u015bci.<\/p>\n<h3>Szczepy: Touriga Nacional, Touriga Franca, Tinta Roriz, Sous\u00e3o, Tinto C\u00e3o<\/h3>\n<p><strong>Winifikacja: <\/strong>r\u0119cznie zbierane do ma\u0142ych skrzynek transportowych. Wszystkie winogrona pochodz\u0105 z jednego zbioru, wed\u0142ug tradycyjnej metody winifikacyjnej dla porto. Po cz\u0119\u015bciowym odszyp\u00f3\u0142\u00f3waniu, winogrona s\u0105 no\u017cnie mia\u017cd\u017cone w kamiennych zbiornikach. Fermentacja moszczu odbywa si\u0119 w kontrolowanej temperaturze i stale monitorowana przez zesp\u00f3\u0142 enolog\u00f3w. Proces fermentacji stopowany przez dodanie brandy. To wino o wielkim potencjale starzenia.     <\/p>\n<p><strong>Starzenie:<\/strong> odbywa si\u0119 w du\u017cych drewnianych beczkach, mo\u017ce by\u0107 butelkowane mi\u0119dzy 4 i 6 rokiem. Je\u015bli jest przechowywany w dobrych warunkach, ma potencja\u0142 starzenia si\u0119 w butelce do 20 lat. <\/p>\n<p><strong>Konsumpcja:<\/strong> mo\u017ce by\u0107 spo\u017cywane od razu, je\u015bli cenisz si\u0142\u0119 dzia\u0142ania owoc\u00f3w, ale r\u00f3wnie\u017c ma potencja\u0142 do starzenia si\u0119 w butelce. Doskona\u0142y w po\u0142\u0105czeniu z r\u00f3\u017cnymi rodzajami sera i deser\u00f3w na bazie czekolady, \u015bmietany i kawy, jak r\u00f3wnie\u017c \u015bwie\u017cych owoc\u00f3w.. Doskonale \u0142\u0105czy si\u0119 tak\u017ce z szynk\u0105, w\u0119dzon\u0105 szynk\u0105 i r\u00f3\u017cnymi w\u0119dzonymi kie\u0142basami. Po otwarciu, powinno by\u0107 spo\u017cywane w ci\u0105gu kilku dni, poniewa\u017c pomimo jego kr\u00f3tkiego dojrzewania w drewnie jego tolerancja na tlen jest znacznie zmniejszona. W przypadku starszego wina doradzamy je zdekantowa\u0107 przed podaniem.<\/p>\n<p>&nbsp;<\/p>\n\n<p><\/p>\n","protected":false},"excerpt":{"rendered":"<p>Typ: Czerwone, p\u00f3\u0142s\u0142odkie, wzmacniane Terroir: winnice z podregion\u00f3w Baixo Corgo i Cima Corgo obsadzone starymi winoro\u015blami w tradycyjnym systemie tarasowym z r\u00f3\u017cnymi ekspozycjami na s\u0142o\u0144ce o ru\u017cniej wysoko\u015bci. Szczepy: Touriga Nacional, Touriga Franca, Tinta Roriz, Sous\u00e3o, Tinto C\u00e3o Winifikacja: r\u0119cznie zbierane do ma\u0142ych skrzynek transportowych. Wszystkie winogrona pochodz\u0105 z jednego zbioru, wed\u0142ug tradycyjnej metody winifikacyjnej [&hellip;]<\/p>\n","protected":false},"featured_media":0,"comment_status":"closed","ping_status":"closed","template":"","meta":[],"product_brand":[],"product_cat":[1094,1097],"product_tag":[],"class_list":{"0":"post-20997","1":"product","2":"type-product","3":"status-publish","5":"product_cat-drinks","6":"product_cat-wine","8":"first","9":"instock","10":"purchasable","11":"product-type-simple"},"_links":{"self":[{"href":"https:\/\/www.portugalskiswiat.com\/en\/wp-json\/wp\/v2\/product\/20997","targetHints":{"allow":["GET"]}}],"collection":[{"href":"https:\/\/www.portugalskiswiat.com\/en\/wp-json\/wp\/v2\/product"}],"about":[{"href":"https:\/\/www.portugalskiswiat.com\/en\/wp-json\/wp\/v2\/types\/product"}],"replies":[{"embeddable":true,"href":"https:\/\/www.portugalskiswiat.com\/en\/wp-json\/wp\/v2\/comments?post=20997"}],"wp:attachment":[{"href":"https:\/\/www.portugalskiswiat.com\/en\/wp-json\/wp\/v2\/media?parent=20997"}],"wp:term":[{"taxonomy":"product_brand","embeddable":true,"href":"https:\/\/www.portugalskiswiat.com\/en\/wp-json\/wp\/v2\/product_brand?post=20997"},{"taxonomy":"product_cat","embeddable":true,"href":"https:\/\/www.portugalskiswiat.com\/en\/wp-json\/wp\/v2\/product_cat?post=20997"},{"taxonomy":"product_tag","embeddable":true,"href":"https:\/\/www.portugalskiswiat.com\/en\/wp-json\/wp\/v2\/product_tag?post=20997"}],"curies":[{"name":"wp","href":"https:\/\/api.w.org\/{rel}","templated":true}]}}