{"id":20973,"date":"2025-12-16T16:37:07","date_gmt":"2025-12-16T15:37:07","guid":{"rendered":"https:\/\/www.portugalskiswiat.com\/sklep\/uncategorized\/vista-alegre-moscatel-do-douro\/"},"modified":"2026-04-13T14:31:02","modified_gmt":"2026-04-13T12:31:02","slug":"vista-alegre-moscatel-do-douro","status":"publish","type":"product","link":"https:\/\/www.portugalskiswiat.com\/en\/sklep\/drinks\/wine\/vista-alegre-moscatel-do-douro\/","title":{"rendered":"VISTA ALEGRE Moscatel do Douro"},"content":{"rendered":"<p><strong>Szczep:<\/strong> Muscat<\/p>\n<p><strong>Winifikacja:<\/strong> tradycyjna regionalna metoda, fermentacja odbywa si\u0119 w kontrolowanej temperaturze po czym zatrzymywana jest dodaniem brandy. Ca\u0142y proces dogl\u0105dany jest przez zesp\u00f3\u0142 enolog\u00f3w kt\u00f3rzy wybieraj\u0105 najdojrzalsze i najs\u0142odsze owoce.<\/p>\n<p><strong>Starzenie:<\/strong> 3 lata w beczce<\/p>\n<p><strong>Uwagi degustacyjne:<\/strong> krystalicznie jasny z\u0142oty kolor. Oczywiste typowe dla odmiany aromaty wyr\u00f3\u017cniaj\u0105 si\u0119 nuty sk\u00f3rek pomara\u0144czy i \u015bwie\u017cych owoc\u00f3w. Smak jest bardzo zbalansowany pomi\u0119dzy s\u0142odycz\u0105 a kwasowo\u015bci\u0105, g\u0119sty, \u015bwie\u017cy, elegancki. Z delikatnym ale zdecydowanym d\u0142ugim finiszem.<br \/><strong><br \/>Sugestie podawania:<\/strong> Jako aperitif, z oliwkami, serami, w\u0119dzonymi mi\u0119sami. Doskona\u0142y r\u00f3wnie\u017c do deser\u00f3w, budyniu i owoc\u00f3w tropikalnych.<\/p>\n<p><strong>Najlepiej podawa\u0107 w temperaturze pomi\u0119dzy 10\u00baC do 12\u00baC. <\/strong><\/p>\n<p><strong>D\u0142uga \u017cywotno\u015b\u0107 po otworzeniu od 4 nawet do 6 tygodni.<\/strong><\/p>\n\n<p><\/p>\n","protected":false},"excerpt":{"rendered":"<p>Szczep: Muscat Winifikacja: tradycyjna regionalna metoda, fermentacja odbywa si\u0119 w kontrolowanej temperaturze po czym zatrzymywana jest dodaniem brandy. Ca\u0142y proces dogl\u0105dany jest przez zesp\u00f3\u0142 enolog\u00f3w kt\u00f3rzy wybieraj\u0105 najdojrzalsze i najs\u0142odsze owoce. Starzenie: 3 lata w beczce Uwagi degustacyjne: krystalicznie jasny z\u0142oty kolor. Oczywiste typowe dla odmiany aromaty wyr\u00f3\u017cniaj\u0105 si\u0119 nuty sk\u00f3rek pomara\u0144czy i \u015bwie\u017cych owoc\u00f3w. [&hellip;]<\/p>\n","protected":false},"featured_media":20276,"comment_status":"closed","ping_status":"closed","template":"","meta":[],"product_brand":[],"product_cat":[1094,1097],"product_tag":[1374],"class_list":{"0":"post-20973","1":"product","2":"type-product","3":"status-publish","4":"has-post-thumbnail","6":"product_cat-drinks","7":"product_cat-wine","8":"product_tag-barrel-aged","10":"first","11":"instock","12":"purchasable","13":"product-type-simple"},"_links":{"self":[{"href":"https:\/\/www.portugalskiswiat.com\/en\/wp-json\/wp\/v2\/product\/20973","targetHints":{"allow":["GET"]}}],"collection":[{"href":"https:\/\/www.portugalskiswiat.com\/en\/wp-json\/wp\/v2\/product"}],"about":[{"href":"https:\/\/www.portugalskiswiat.com\/en\/wp-json\/wp\/v2\/types\/product"}],"replies":[{"embeddable":true,"href":"https:\/\/www.portugalskiswiat.com\/en\/wp-json\/wp\/v2\/comments?post=20973"}],"wp:featuredmedia":[{"embeddable":true,"href":"https:\/\/www.portugalskiswiat.com\/en\/wp-json\/wp\/v2\/media\/20276"}],"wp:attachment":[{"href":"https:\/\/www.portugalskiswiat.com\/en\/wp-json\/wp\/v2\/media?parent=20973"}],"wp:term":[{"taxonomy":"product_brand","embeddable":true,"href":"https:\/\/www.portugalskiswiat.com\/en\/wp-json\/wp\/v2\/product_brand?post=20973"},{"taxonomy":"product_cat","embeddable":true,"href":"https:\/\/www.portugalskiswiat.com\/en\/wp-json\/wp\/v2\/product_cat?post=20973"},{"taxonomy":"product_tag","embeddable":true,"href":"https:\/\/www.portugalskiswiat.com\/en\/wp-json\/wp\/v2\/product_tag?post=20973"}],"curies":[{"name":"wp","href":"https:\/\/api.w.org\/{rel}","templated":true}]}}