{"id":20970,"date":"2025-12-16T16:38:24","date_gmt":"2025-12-16T15:38:24","guid":{"rendered":"https:\/\/www.portugalskiswiat.com\/sklep\/uncategorized\/montanha-espumante-d-o-c-bairrada-rose-bruto-tn\/"},"modified":"2025-12-16T16:38:24","modified_gmt":"2025-12-16T15:38:24","slug":"montanha-espumante-d-o-c-bairrada-rose-bruto-tn","status":"publish","type":"product","link":"https:\/\/www.portugalskiswiat.com\/en\/sklep\/drinks\/wine\/montanha-espumante-d-o-c-bairrada-rose-bruto-tn\/","title":{"rendered":"MONTANHA Espumante D.O.C. Bairrada Rose Bruto TN"},"content":{"rendered":"<p><strong>Tasting notes:<\/strong><\/p>\n<p><strong>Kolor<\/strong>: blador\u00f3\u017cowy .<\/p>\n<p><strong>Nos:<\/strong> rze\u015bkie nuty truskawek z nut\u0105 ma\u015blan\u0105.<\/p>\n<p><strong>Usta: <\/strong>orze\u017awiaj\u0105ce delikatne b\u0105belki, nuty truskawkowe przeplatane nutami cytrusowymi, dope\u0142nione nut\u0105 zielonego jab\u0142ka.<\/p>\n<p><strong>Proces produkcji:<\/strong><\/p>\n<p>Szep Baga to autochtoniczny szczep p\u00f3\u0142nocno-zachodniej Portugalii. Fermentacja w stalowych kadziach. Kolejnie wino przechodzi drug\u0105 fermentacj\u0119 metod\u0105 szampa\u0144sk\u0105. Wino dojrzewa przez minimum 36 miesi\u0119cy przed rozlaniem.   <\/p>\n<p><strong>Technical information:<\/strong><\/p>\n<p>Zawarto\u015b\u0107 alkoholu: 12,5%.<\/p>\n<p>Szczep: 100% Baga<\/p>\n<p>Serwowa\u0107 w temperaturze 6\u00baC-8\u00baC.<\/p>\n","protected":false},"excerpt":{"rendered":"<p>Tasting notes: Kolor: blador\u00f3\u017cowy . Nos: rze\u015bkie nuty truskawek z nut\u0105 ma\u015blan\u0105. Usta: orze\u017awiaj\u0105ce delikatne b\u0105belki, nuty truskawkowe przeplatane nutami cytrusowymi, dope\u0142nione nut\u0105 zielonego jab\u0142ka. Proces produkcji: Szep Baga to autochtoniczny szczep p\u00f3\u0142nocno-zachodniej Portugalii. Fermentacja w stalowych kadziach. Kolejnie wino przechodzi drug\u0105 fermentacj\u0119 metod\u0105 szampa\u0144sk\u0105. Wino dojrzewa przez minimum 36 miesi\u0119cy przed rozlaniem. Technical information: [&hellip;]<\/p>\n","protected":false},"featured_media":20459,"comment_status":"closed","ping_status":"closed","template":"","meta":[],"product_brand":[],"product_cat":[1094,1097],"product_tag":[1355],"class_list":{"0":"post-20970","1":"product","2":"type-product","3":"status-publish","4":"has-post-thumbnail","6":"product_cat-drinks","7":"product_cat-wine","8":"product_tag-mono-varietal","10":"first","11":"instock","12":"purchasable","13":"product-type-simple"},"_links":{"self":[{"href":"https:\/\/www.portugalskiswiat.com\/en\/wp-json\/wp\/v2\/product\/20970","targetHints":{"allow":["GET"]}}],"collection":[{"href":"https:\/\/www.portugalskiswiat.com\/en\/wp-json\/wp\/v2\/product"}],"about":[{"href":"https:\/\/www.portugalskiswiat.com\/en\/wp-json\/wp\/v2\/types\/product"}],"replies":[{"embeddable":true,"href":"https:\/\/www.portugalskiswiat.com\/en\/wp-json\/wp\/v2\/comments?post=20970"}],"wp:featuredmedia":[{"embeddable":true,"href":"https:\/\/www.portugalskiswiat.com\/en\/wp-json\/wp\/v2\/media\/20459"}],"wp:attachment":[{"href":"https:\/\/www.portugalskiswiat.com\/en\/wp-json\/wp\/v2\/media?parent=20970"}],"wp:term":[{"taxonomy":"product_brand","embeddable":true,"href":"https:\/\/www.portugalskiswiat.com\/en\/wp-json\/wp\/v2\/product_brand?post=20970"},{"taxonomy":"product_cat","embeddable":true,"href":"https:\/\/www.portugalskiswiat.com\/en\/wp-json\/wp\/v2\/product_cat?post=20970"},{"taxonomy":"product_tag","embeddable":true,"href":"https:\/\/www.portugalskiswiat.com\/en\/wp-json\/wp\/v2\/product_tag?post=20970"}],"curies":[{"name":"wp","href":"https:\/\/api.w.org\/{rel}","templated":true}]}}