{"id":20962,"date":"2026-01-29T11:16:58","date_gmt":"2026-01-29T10:16:58","guid":{"rendered":"https:\/\/www.portugalskiswiat.com\/sklep\/uncategorized\/cadao-porto-pink\/"},"modified":"2026-01-29T11:16:58","modified_gmt":"2026-01-29T10:16:58","slug":"cadao-porto-pink","status":"publish","type":"product","link":"https:\/\/www.portugalskiswiat.com\/en\/sklep\/drinks\/wine\/cadao-porto-pink\/","title":{"rendered":"CAD\u00c3O Porto Pink"},"content":{"rendered":"<p data-start=\"161\" data-end=\"321\"><strong data-start=\"161\" data-end=\"171\">Kolor:<\/strong> Jasnor\u00f3\u017cowy z subtelnymi \u0142ososiowymi refleksami.<\/p>\n<p data-start=\"323\" data-end=\"539\"><strong data-start=\"323\" data-end=\"331\">Nos:<\/strong> Ekspresyjny i aromatyczny bukiet \u015bwie\u017cych czerwonych owoc\u00f3w \u2014 truskawki, maliny i wi\u015bnie \u2014 uzupe\u0142niony nutami granatu oraz delikatnym akcentem cytrusowej sk\u00f3rki.<\/p>\n<p data-start=\"541\" data-end=\"838\"><strong data-start=\"541\" data-end=\"550\">Usta:<\/strong> Lekkie, \u015bwie\u017ce i harmonijne, z wyra\u017an\u0105 owocowo\u015bci\u0105 i przyjemn\u0105, orze\u017awiaj\u0105c\u0105 kwasowo\u015bci\u0105. Smak czerwonych owoc\u00f3w przeplata si\u0119 z subteln\u0105 s\u0142odycz\u0105 typow\u0105 dla Porto Pink, tworz\u0105c dobrze zbalansowan\u0105 struktur\u0119. Finisz \u015brednio d\u0142ugi, \u015bwie\u017cy i owocowy.  <\/p>\n<p data-start=\"840\" data-end=\"856\"><strong data-start=\"840\" data-end=\"856\">Winifikacja:<\/strong><\/p>\n<p data-start=\"858\" data-end=\"1294\">C\u00e1dao Porto Pink powstaje z wyselekcjonowanych czerwonych odmian winoro\u015bli uprawianych w regionie Douro. Kr\u00f3tka maceracja ze sk\u00f3rkami pozwala uzyska\u0107 jasnor\u00f3\u017cow\u0105 barw\u0119 i \u015bwie\u017cy, owocowy profil aromatyczny. Fermentacja zostaje przerwana poprzez dodanie destylatu winnego, co pozwala zachowa\u0107 naturaln\u0105 s\u0142odycz i aromaty owoc\u00f3w. Wino dojrzewa kr\u00f3tko w zbiornikach ze stali nierdzewnej, aby podkre\u015bli\u0107 jego \u015bwie\u017co\u015b\u0107 i nowoczesny charakter.   <\/p>\n","protected":false},"excerpt":{"rendered":"<p>Cadao Porto Pink to r\u00f3\u017cowe wino wzmacniane pochodz\u0105ce z portugalskiego regionu Douro. Wyprodukowano z mieszanki lokalnych czerwonych winogron, tzw. &#8220;field blend&#8221;.  <\/p>\n","protected":false},"featured_media":20320,"comment_status":"closed","ping_status":"closed","template":"","meta":[],"product_brand":[],"product_cat":[1094,1097],"product_tag":[],"class_list":{"0":"post-20962","1":"product","2":"type-product","3":"status-publish","4":"has-post-thumbnail","6":"product_cat-drinks","7":"product_cat-wine","9":"first","10":"instock","11":"purchasable","12":"product-type-simple"},"_links":{"self":[{"href":"https:\/\/www.portugalskiswiat.com\/en\/wp-json\/wp\/v2\/product\/20962","targetHints":{"allow":["GET"]}}],"collection":[{"href":"https:\/\/www.portugalskiswiat.com\/en\/wp-json\/wp\/v2\/product"}],"about":[{"href":"https:\/\/www.portugalskiswiat.com\/en\/wp-json\/wp\/v2\/types\/product"}],"replies":[{"embeddable":true,"href":"https:\/\/www.portugalskiswiat.com\/en\/wp-json\/wp\/v2\/comments?post=20962"}],"wp:featuredmedia":[{"embeddable":true,"href":"https:\/\/www.portugalskiswiat.com\/en\/wp-json\/wp\/v2\/media\/20320"}],"wp:attachment":[{"href":"https:\/\/www.portugalskiswiat.com\/en\/wp-json\/wp\/v2\/media?parent=20962"}],"wp:term":[{"taxonomy":"product_brand","embeddable":true,"href":"https:\/\/www.portugalskiswiat.com\/en\/wp-json\/wp\/v2\/product_brand?post=20962"},{"taxonomy":"product_cat","embeddable":true,"href":"https:\/\/www.portugalskiswiat.com\/en\/wp-json\/wp\/v2\/product_cat?post=20962"},{"taxonomy":"product_tag","embeddable":true,"href":"https:\/\/www.portugalskiswiat.com\/en\/wp-json\/wp\/v2\/product_tag?post=20962"}],"curies":[{"name":"wp","href":"https:\/\/api.w.org\/{rel}","templated":true}]}}