{"id":20960,"date":"2026-02-25T21:45:05","date_gmt":"2026-02-25T20:45:05","guid":{"rendered":"https:\/\/www.portugalskiswiat.com\/sklep\/uncategorized\/cadao-d-o-c-douro-colheita-2\/"},"modified":"2026-02-25T21:45:05","modified_gmt":"2026-02-25T20:45:05","slug":"cadao-d-o-c-douro-colheita-2","status":"publish","type":"product","link":"https:\/\/www.portugalskiswiat.com\/en\/sklep\/drinks\/wine\/cadao-d-o-c-douro-colheita-2\/","title":{"rendered":"CAD\u00c3O D.O.C. Douro Colheita"},"content":{"rendered":"<h2 data-section-id=\"ke5gxh\" data-start=\"101\" data-end=\"148\">\ud83c\udf77 Cad\u00e3o D.O.C. Douro Colheita Branco \u2013 opis<\/h2>\n<p data-start=\"150\" data-end=\"266\"><strong data-start=\"150\" data-end=\"161\">Region:<\/strong> <span class=\"hover:entity-accent entity-underline inline cursor-pointer align-baseline\"><span class=\"whitespace-normal\">Douro<\/span><\/span> (Portugalia)<br data-start=\"212\" data-end=\"215\"><strong data-start=\"215\" data-end=\"223\">Typ:<\/strong> bia\u0142e, wytrawne<br data-start=\"239\" data-end=\"242\"><strong data-start=\"242\" data-end=\"259\">Klasyfikacja:<\/strong> D.O.C.<\/p>\n<hr data-start=\"268\" data-end=\"271\">\n<h3 data-section-id=\"1koxwfe\" data-start=\"273\" data-end=\"296\">\ud83c\udf47 Grape varieties<\/h3>\n<p data-start=\"297\" data-end=\"346\">Kupa\u017c najlepszych lokalnych odmian z subregion\u00f3w:<\/p>\n<ul data-start=\"347\" data-end=\"417\">\n<li data-section-id=\"8kwnhc\" data-start=\"347\" data-end=\"358\">Gouveio<\/li>\n<li data-section-id=\"1mi0zal\" data-start=\"359\" data-end=\"371\">Rabigato<\/li>\n<li data-section-id=\"juwzdm\" data-start=\"372\" data-end=\"384\">Folgos\u00e3o<\/li>\n<li data-section-id=\"cxq0zr\" data-start=\"385\" data-end=\"395\">Arinto<\/li>\n<li data-section-id=\"a5m6hx\" data-start=\"396\" data-end=\"417\">C\u00f3dego do Larinho<\/li>\n<\/ul>\n<p data-start=\"419\" data-end=\"468\">Winogrona pochodz\u0105 z trzech cz\u0119\u015bci regionu Douro:<\/p>\n<ul data-start=\"469\" data-end=\"518\">\n<li data-section-id=\"11c36k8\" data-start=\"469\" data-end=\"483\">Cima Corgo<\/li>\n<li data-section-id=\"8v6vqb\" data-start=\"484\" data-end=\"499\">Baixo Corgo<\/li>\n<li data-section-id=\"5tgs8u\" data-start=\"500\" data-end=\"518\">Douro Superior<\/li>\n<\/ul>\n<hr data-start=\"520\" data-end=\"523\">\n<h3 data-section-id=\"1m4y9uu\" data-start=\"525\" data-end=\"537\">\ud83c\udf31 Soil<\/h3>\n<ul data-start=\"538\" data-end=\"626\">\n<li data-section-id=\"tzjs47\" data-start=\"538\" data-end=\"626\">gleby \u0142upkowe (schistose) \u2013 bardzo typowe dla regionu Douro, nadaj\u0105 winu mineralno\u015b\u0107<\/li>\n<\/ul>\n<hr data-start=\"628\" data-end=\"631\">\n<h3 data-section-id=\"4nnr4x\" data-start=\"633\" data-end=\"653\">\ud83d\udc43 Aroma and taste<\/h3>\n<ul data-start=\"654\" data-end=\"816\">\n<li data-section-id=\"15nhd6c\" data-start=\"654\" data-end=\"680\">kolor: jasno cytrynowy<\/li>\n<li data-section-id=\"10lvzl8\" data-start=\"681\" data-end=\"729\">aromat: owocowy, z nutami cytrus\u00f3w i kwiat\u00f3w<\/li>\n<li data-section-id=\"p2c8by\" data-start=\"730\" data-end=\"783\">smak: delikatny, lekko pe\u0142ny, dobrze zbalansowany<\/li>\n<li data-section-id=\"3zm5d4\" data-start=\"784\" data-end=\"816\">finisz: \u015bwie\u017cy, orze\u017awiaj\u0105cy<\/li>\n<\/ul>\n<p data-start=\"818\" data-end=\"880\">To wino jest lekkie i bardzo pijalne, z przyjemn\u0105 kwasowo\u015bci\u0105.<\/p>\n<hr data-start=\"882\" data-end=\"885\">\n<h3 data-section-id=\"qehecv\" data-start=\"887\" data-end=\"910\">\ud83c\udf7d\ufe0f What does it fit?<\/h3>\n<p data-start=\"911\" data-end=\"922\">Idealne do:<\/p>\n<ul data-start=\"923\" data-end=\"1040\">\n<li data-section-id=\"1a1t9w1\" data-start=\"923\" data-end=\"948\">ryb i owoc\u00f3w morza \ud83d\udc1f<\/li>\n<li data-section-id=\"wk1io3\" data-start=\"949\" data-end=\"960\">sa\u0142atek<\/li>\n<li data-section-id=\"15pirq\" data-start=\"961\" data-end=\"987\">lekkich da\u0144 z kurczaka<\/li>\n<li data-section-id=\"uor4sg\" data-start=\"988\" data-end=\"1022\">makaron\u00f3w z delikatnymi sosami<\/li>\n<li data-section-id=\"c8wfpv\" data-start=\"1023\" data-end=\"1040\">jako aperitif<\/li>\n<\/ul>\n<hr data-start=\"1042\" data-end=\"1045\">\n<h3 data-section-id=\"au1egs\" data-start=\"1047\" data-end=\"1065\">\ud83c\udf21\ufe0fServing<\/h3>\n<ul data-start=\"1066\" data-end=\"1089\">\n<li data-section-id=\"1m8t72b\" data-start=\"1066\" data-end=\"1089\">temperatura: 8\u201310\u00b0C<\/li>\n<\/ul>\n<hr data-start=\"1091\" data-end=\"1094\">\n<h2 data-section-id=\"1mccdo5\" data-start=\"1096\" data-end=\"1114\">\u2714\ufe0f Summary<\/h2>\n<p data-start=\"1115\" data-end=\"1168\">To <strong data-start=\"1118\" data-end=\"1160\">\u015bwie\u017ce, aromatyczne bia\u0142e wino z Douro<\/strong>, kt\u00f3re:<\/p>\n<ul data-start=\"1169\" data-end=\"1286\">\n<li data-section-id=\"tj4s0b\" data-start=\"1169\" data-end=\"1201\">ma cytrusowo-kwiatowy profil<\/li>\n<li data-section-id=\"16j22v6\" data-start=\"1202\" data-end=\"1232\">jest lekkie i orze\u017awiaj\u0105ce<\/li>\n<li data-section-id=\"1nkd7l4\" data-start=\"1233\" data-end=\"1286\">\u015bwietnie sprawdzi si\u0119 latem lub do lekkich potraw<\/li>\n<\/ul>\n","protected":false},"excerpt":{"rendered":"<p>\ud83c\udf77 Cad\u00e3o D.O.C. Douro Colheita Branco \u2013 opis Region: Douro (Portugalia)Typ: bia\u0142e, wytrawneKlasyfikacja: D.O.C. \ud83c\udf47 Grape varieties Kupa\u017c najlepszych lokalnych odmian z subregion\u00f3w: Gouveio Rabigato Folgos\u00e3o Arinto C\u00f3dego do Larinho Winogrona pochodz\u0105 z trzech cz\u0119\u015bci regionu Douro: Cima Corgo Baixo Corgo Douro Superior \ud83c\udf31 Soil gleby \u0142upkowe (schistose) \u2013 bardzo typowe dla regionu Douro, nadaj\u0105 [&hellip;]<\/p>\n","protected":false},"featured_media":20492,"comment_status":"closed","ping_status":"closed","template":"","meta":[],"product_brand":[],"product_cat":[1094,1097],"product_tag":[],"class_list":{"0":"post-20960","1":"product","2":"type-product","3":"status-publish","4":"has-post-thumbnail","6":"product_cat-drinks","7":"product_cat-wine","9":"first","10":"instock","11":"purchasable","12":"product-type-simple"},"_links":{"self":[{"href":"https:\/\/www.portugalskiswiat.com\/en\/wp-json\/wp\/v2\/product\/20960","targetHints":{"allow":["GET"]}}],"collection":[{"href":"https:\/\/www.portugalskiswiat.com\/en\/wp-json\/wp\/v2\/product"}],"about":[{"href":"https:\/\/www.portugalskiswiat.com\/en\/wp-json\/wp\/v2\/types\/product"}],"replies":[{"embeddable":true,"href":"https:\/\/www.portugalskiswiat.com\/en\/wp-json\/wp\/v2\/comments?post=20960"}],"wp:featuredmedia":[{"embeddable":true,"href":"https:\/\/www.portugalskiswiat.com\/en\/wp-json\/wp\/v2\/media\/20492"}],"wp:attachment":[{"href":"https:\/\/www.portugalskiswiat.com\/en\/wp-json\/wp\/v2\/media?parent=20960"}],"wp:term":[{"taxonomy":"product_brand","embeddable":true,"href":"https:\/\/www.portugalskiswiat.com\/en\/wp-json\/wp\/v2\/product_brand?post=20960"},{"taxonomy":"product_cat","embeddable":true,"href":"https:\/\/www.portugalskiswiat.com\/en\/wp-json\/wp\/v2\/product_cat?post=20960"},{"taxonomy":"product_tag","embeddable":true,"href":"https:\/\/www.portugalskiswiat.com\/en\/wp-json\/wp\/v2\/product_tag?post=20960"}],"curies":[{"name":"wp","href":"https:\/\/api.w.org\/{rel}","templated":true}]}}