{"id":20958,"date":"2025-12-16T16:39:41","date_gmt":"2025-12-16T15:39:41","guid":{"rendered":"https:\/\/www.portugalskiswiat.com\/sklep\/uncategorized\/rosa-maria-likier-pastel-de-nata-2\/"},"modified":"2026-04-13T10:06:56","modified_gmt":"2026-04-13T08:06:56","slug":"rosa-maria-likier-pastel-de-nata-2","status":"publish","type":"product","link":"https:\/\/www.portugalskiswiat.com\/en\/sklep\/drinks\/liqueurs\/rosa-maria-likier-pastel-de-nata-2\/","title":{"rendered":"ROSA MARIA likier &#8220;Pastel de Nata&#8221;"},"content":{"rendered":"\n<p><strong>Rosa Maria Licor de Pastel de Nata<\/strong> to portugalski likier kremowy inspirowany s\u0142ynnym deserem <strong>Pastel de Nata<\/strong> (krem\u00f3wk\u0105 z ciastem francuskim, charakterystyczn\u0105 dla kuchni portugalskiej).<\/p>\n\n<p>Producentem jest <strong>Caves Montanha \u2013 A. Henriques, S.A.<\/strong> (Portugal). Likier ma <strong>16% alkoholu<\/strong> i pojemno\u015b\u0107 standardow\u0105 <strong>700 ml<\/strong> (0,7 l). <\/p>\n\n<h3 class=\"wp-block-heading\">Opis smaku i charakterystyka<\/h3>\n\n<p>Jest to s\u0142odki, kremowy likier o aromacie i smaku tradycyjnego <strong>Pastel de Nata<\/strong> \u2014 delikatnie waniliowy, z nutami cynamonu, cytryny i kremu jajecznego. Producent opisuje go jako \u201elicor na swoj\u0105 istot\u0119, posypany lekkimi nutami tradycyjnego deseru\u201d. Ma s\u0142odki aromat i smak, idealnie sprawdza si\u0119 jako digestif (trawienny) po posi\u0142ku, do kawy, deser\u00f3w lub w koktajlach. Cz\u0119sto por\u00f3wnywany do kremowych likier\u00f3w typu Irish Cream, ale z wyra\u017anym portugalskim akcentem.   <\/p>\n\n<h3 class=\"wp-block-heading\">Zastosowanie<\/h3>\n\n<ul class=\"wp-block-list\">\n<li><strong>Czysty<\/strong> \u2014 sch\u0142odzony jako digestif.<\/li>\n\n\n\n<li><strong>Z kaw\u0105<\/strong> \u2014 wielu u\u017cytkownik\u00f3w poleca dodatek do espresso lub kawy (np. w stylu espresso martini z pastel de nata liqueur).<\/li>\n\n\n\n<li><strong>Koktajle i desery<\/strong> \u2014 dobrze komponuje si\u0119 z deserami, lodami lub w shotach.<\/li>\n\n\n\n<li>Popularny zw\u0142aszcza w okresie \u015bwi\u0105tecznym.<\/li>\n<\/ul>\n","protected":false},"excerpt":{"rendered":"<p>Rosa Maria Licor de Pastel de Nata to portugalski likier kremowy inspirowany s\u0142ynnym deserem Pastel de Nata (krem\u00f3wk\u0105 z ciastem francuskim, charakterystyczn\u0105 dla kuchni portugalskiej). Producentem jest Caves Montanha \u2013 A. Henriques, S.A. (Portugal). Likier ma 16% alkoholu i pojemno\u015b\u0107 standardow\u0105 700 ml (0,7 l). Opis smaku i charakterystyka Jest to s\u0142odki, kremowy likier o [&hellip;]<\/p>\n","protected":false},"featured_media":19632,"comment_status":"closed","ping_status":"closed","template":"","meta":[],"product_brand":[],"product_cat":[1094,1095],"product_tag":[],"class_list":{"0":"post-20958","1":"product","2":"type-product","3":"status-publish","4":"has-post-thumbnail","6":"product_cat-drinks","7":"product_cat-liqueurs","9":"first","10":"instock","11":"purchasable","12":"product-type-simple"},"_links":{"self":[{"href":"https:\/\/www.portugalskiswiat.com\/en\/wp-json\/wp\/v2\/product\/20958","targetHints":{"allow":["GET"]}}],"collection":[{"href":"https:\/\/www.portugalskiswiat.com\/en\/wp-json\/wp\/v2\/product"}],"about":[{"href":"https:\/\/www.portugalskiswiat.com\/en\/wp-json\/wp\/v2\/types\/product"}],"replies":[{"embeddable":true,"href":"https:\/\/www.portugalskiswiat.com\/en\/wp-json\/wp\/v2\/comments?post=20958"}],"wp:featuredmedia":[{"embeddable":true,"href":"https:\/\/www.portugalskiswiat.com\/en\/wp-json\/wp\/v2\/media\/19632"}],"wp:attachment":[{"href":"https:\/\/www.portugalskiswiat.com\/en\/wp-json\/wp\/v2\/media?parent=20958"}],"wp:term":[{"taxonomy":"product_brand","embeddable":true,"href":"https:\/\/www.portugalskiswiat.com\/en\/wp-json\/wp\/v2\/product_brand?post=20958"},{"taxonomy":"product_cat","embeddable":true,"href":"https:\/\/www.portugalskiswiat.com\/en\/wp-json\/wp\/v2\/product_cat?post=20958"},{"taxonomy":"product_tag","embeddable":true,"href":"https:\/\/www.portugalskiswiat.com\/en\/wp-json\/wp\/v2\/product_tag?post=20958"}],"curies":[{"name":"wp","href":"https:\/\/api.w.org\/{rel}","templated":true}]}}