{"id":20921,"date":"2026-01-27T18:24:17","date_gmt":"2026-01-27T17:24:17","guid":{"rendered":"https:\/\/www.portugalskiswiat.com\/sklep\/uncategorized\/pim-pam-pum-i-g-t-lisboa-pet-nat-curtimenta\/"},"modified":"2026-04-09T18:30:58","modified_gmt":"2026-04-09T16:30:58","slug":"pim-pam-pum-i-g-t-lisboa-pet-nat-curtimenta","status":"publish","type":"product","link":"https:\/\/www.portugalskiswiat.com\/en\/sklep\/drinks\/wine\/pim-pam-pum-i-g-t-lisboa-pet-nat-curtimenta\/","title":{"rendered":"PIM PAM PUM I.G.T. Lisboa Pet-Nat Curtimenta"},"content":{"rendered":"<p data-start=\"194\" data-end=\"333\"><strong>Tasting notes:<\/strong><\/p>\n<p data-start=\"194\" data-end=\"333\"><strong data-start=\"194\" data-end=\"204\">Kolor:<\/strong> Jasny, cytrusowo\u2011z\u0142ocisty z lekk\u0105 m\u0119tn\u0105 struktur\u0105 i drobn\u0105 pian\u0105 typow\u0105 dla win <em data-start=\"285\" data-end=\"294\">p\u00e9t\u2011nat<\/em>.<\/p>\n<p data-start=\"335\" data-end=\"616\"><strong data-start=\"335\" data-end=\"343\">Nos:<\/strong> \u015awie\u017cy i rze\u015bki aromat owoc\u00f3w cytrusowych z wyra\u017anymi nutami suszonej moreli, jab\u0142ka i delikatnymi tonami dro\u017cd\u017cy \u2014 charakterystyczny dla naturalnej fermentacji butelkowej. Bukiet jest owocowy, \u017cywy i lekko dro\u017cd\u017cowy, co podkre\u015bla naturalny styl wina. <\/p>\n<p data-start=\"618\" data-end=\"919\"><strong data-start=\"618\" data-end=\"627\">Usta:<\/strong> \u015awie\u017ce i zbalansowane; musowanie naturalne (<em data-start=\"700\" data-end=\"719\">p\u00e9tillant\u2011naturel<\/em>) dodaje energii, a wyra\u017ana, ale \u0142agodna kwasowo\u015b\u0107 wsp\u00f3\u0142gra z owocowym charakterem. Finisz jest czysty, z delikatnymi nutami fermentacyjnymi i soczystymi owocami. <\/p>\n<p data-start=\"921\" data-end=\"939\"><strong data-start=\"921\" data-end=\"937\">Winifikacja:<\/strong><\/p>\n<p data-start=\"941\" data-end=\"1317\">Winogrona <strong data-start=\"951\" data-end=\"972\">100% Fern\u00e3o Pires<\/strong> s\u0105 zbierane r\u0119cznie i poddawane <strong data-start=\"1005\" data-end=\"1059\">spontanicznej fermentacji bez kontroli temperatury<\/strong>. Fermentacja rozpoczyna si\u0119 w tankach ze sk\u00f3rkami, a nast\u0119pnie <strong data-start=\"1123\" data-end=\"1170\">wino jest butelkowane w trakcie fermentacji<\/strong>, co pozwala na naturalne wt\u00f3rne musowanie bez dodawania cukr\u00f3w czy dro\u017cd\u017cy <em data-start=\"1246\" data-end=\"1278\">(m\u00e9thode ancestrale \u2014 Pet Nat)<\/em>. <\/p>\n\n<p><\/p>\n","protected":false},"excerpt":{"rendered":"<p>PIM PAM PUM I.G.T. Lisboa Pet-Nat Curtimenta to pomara\u0144czowe, wytrawne wino musuj\u0105ce z regionu Lisboa. Wyprodukowano w 100% ze szczepu Fernao Pires metod\u0105 ancestrale (styl Pet-Nat). <\/p>\n","protected":false},"featured_media":20302,"comment_status":"closed","ping_status":"closed","template":"","meta":[],"product_brand":[],"product_cat":[1094,1097],"product_tag":[1355],"class_list":{"0":"post-20921","1":"product","2":"type-product","3":"status-publish","4":"has-post-thumbnail","6":"product_cat-drinks","7":"product_cat-wine","8":"product_tag-mono-varietal","10":"first","11":"instock","12":"purchasable","13":"product-type-simple"},"_links":{"self":[{"href":"https:\/\/www.portugalskiswiat.com\/en\/wp-json\/wp\/v2\/product\/20921","targetHints":{"allow":["GET"]}}],"collection":[{"href":"https:\/\/www.portugalskiswiat.com\/en\/wp-json\/wp\/v2\/product"}],"about":[{"href":"https:\/\/www.portugalskiswiat.com\/en\/wp-json\/wp\/v2\/types\/product"}],"replies":[{"embeddable":true,"href":"https:\/\/www.portugalskiswiat.com\/en\/wp-json\/wp\/v2\/comments?post=20921"}],"wp:featuredmedia":[{"embeddable":true,"href":"https:\/\/www.portugalskiswiat.com\/en\/wp-json\/wp\/v2\/media\/20302"}],"wp:attachment":[{"href":"https:\/\/www.portugalskiswiat.com\/en\/wp-json\/wp\/v2\/media?parent=20921"}],"wp:term":[{"taxonomy":"product_brand","embeddable":true,"href":"https:\/\/www.portugalskiswiat.com\/en\/wp-json\/wp\/v2\/product_brand?post=20921"},{"taxonomy":"product_cat","embeddable":true,"href":"https:\/\/www.portugalskiswiat.com\/en\/wp-json\/wp\/v2\/product_cat?post=20921"},{"taxonomy":"product_tag","embeddable":true,"href":"https:\/\/www.portugalskiswiat.com\/en\/wp-json\/wp\/v2\/product_tag?post=20921"}],"curies":[{"name":"wp","href":"https:\/\/api.w.org\/{rel}","templated":true}]}}