{"id":20917,"date":"2026-01-31T12:03:48","date_gmt":"2026-01-31T11:03:48","guid":{"rendered":"https:\/\/www.portugalskiswiat.com\/sklep\/uncategorized\/romeira-i-g-p-lisboa-chardonnay\/"},"modified":"2026-04-09T18:20:08","modified_gmt":"2026-04-09T16:20:08","slug":"romeira-i-g-p-lisboa-chardonnay","status":"publish","type":"product","link":"https:\/\/www.portugalskiswiat.com\/en\/sklep\/drinks\/wine\/romeira-i-g-p-lisboa-chardonnay\/","title":{"rendered":"ROMEIRA I.G.P. Lisboa Chardonnay"},"content":{"rendered":"<p data-start=\"0\" data-end=\"155\"><strong data-start=\"0\" data-end=\"22\">Romeira Chardonnay<\/strong> (region Lisboa, Portugalia, producent <em data-start=\"61\" data-end=\"75\">Caves Velhas<\/em>) to przyst\u0119pne cenowo bia\u0142e wino w stylu bardziej <strong data-start=\"126\" data-end=\"154\">pe\u0142nym i lekko beczkowym<\/strong>.<\/p>\n<hr data-start=\"157\" data-end=\"160\">\n<h2 data-section-id=\"ojs22r\" data-start=\"162\" data-end=\"188\">\ud83c\udf77 Charakterystyka wina<\/h2>\n<ul data-start=\"190\" data-end=\"421\">\n<li data-section-id=\"1yq2tks\" data-start=\"190\" data-end=\"216\"><strong data-start=\"192\" data-end=\"203\">Szczep:<\/strong> Chardonnay<\/li>\n<li data-section-id=\"1vkvifo\" data-start=\"217\" data-end=\"269\"><strong data-start=\"219\" data-end=\"230\">Region:<\/strong> Lisboa (okolice Bucelas), Portugalia<\/li>\n<li data-section-id=\"o7vy8k\" data-start=\"270\" data-end=\"299\"><strong data-start=\"272\" data-end=\"284\">Alkohol:<\/strong> ok. 12,5\u201313%<\/li>\n<li data-section-id=\"lp0n3s\" data-start=\"300\" data-end=\"421\"><strong data-start=\"302\" data-end=\"318\">Winifikacja:<\/strong> fermentacja w kontrolowanej temperaturze + dojrzewanie w <strong data-start=\"376\" data-end=\"409\">d\u0119bowych beczkach francuskich<\/strong> (u\u017cywanych)<\/li>\n<\/ul>\n<h3 data-section-id=\"4nnr4x\" data-start=\"423\" data-end=\"443\">\ud83d\udc43 Aroma and taste<\/h3>\n<ul data-start=\"444\" data-end=\"619\">\n<li data-section-id=\"b6hocd\" data-start=\"444\" data-end=\"500\">nuty <strong data-start=\"451\" data-end=\"483\">wanilii i pra\u017conych orzech\u00f3w<\/strong> (wp\u0142yw beczki)<\/li>\n<li data-section-id=\"efiai9\" data-start=\"501\" data-end=\"541\">dojrza\u0142e owoce (jab\u0142ko, brzoskwinia)<\/li>\n<li data-section-id=\"1oy64e\" data-start=\"542\" data-end=\"586\">tekstura <strong data-start=\"553\" data-end=\"584\">kremowa, g\u0142adka, do\u015b\u0107 pe\u0142na<\/strong><\/li>\n<li data-section-id=\"9zcogm\" data-start=\"587\" data-end=\"619\">lekka mineralno\u015b\u0107 na finiszu<\/li>\n<\/ul>\n<p data-start=\"621\" data-end=\"700\">\ud83d\udc49 Styl: bardziej <strong data-start=\"639\" data-end=\"659\">okr\u0105g\u0142y i mi\u0119kki<\/strong>, mniej \u015bwie\u017cy i kwasowy ni\u017c np. Chablis. <\/p>\n<hr data-start=\"702\" data-end=\"705\">\n<h2 data-section-id=\"wzfkmt\" data-start=\"707\" data-end=\"742\">\ud83c\udf7d\ufe0f Z czym \u0142\u0105czy\u0107 (food pairing)<\/h2>\n<p data-start=\"744\" data-end=\"831\">Dzi\u0119ki swojej <strong data-start=\"758\" data-end=\"780\">pe\u0142ni i kremowo\u015bci<\/strong>, najlepiej pasuje do potraw o podobnej strukturze.<\/p>\n<h3 data-section-id=\"gdznzb\" data-start=\"833\" data-end=\"858\">\ud83d\udc1f Ryby i owoce morza<\/h3>\n<ul data-start=\"859\" data-end=\"975\">\n<li data-section-id=\"1mmv2ud\" data-start=\"859\" data-end=\"877\">\u0142oso\u015b z grilla<\/li>\n<li data-section-id=\"pdittz\" data-start=\"878\" data-end=\"893\">homar, krab<\/li>\n<li data-section-id=\"dmqtcd\" data-start=\"894\" data-end=\"926\">krewetki na ma\u015ble czosnkowym<\/li>\n<li data-section-id=\"1ekgpvh\" data-start=\"927\" data-end=\"975\">makarony z owocami morza w sosie \u015bmietanowym<\/li>\n<\/ul>\n<hr data-start=\"977\" data-end=\"980\">\n<h3 data-section-id=\"fa58u9\" data-start=\"982\" data-end=\"1007\">\ud83c\udf57 Dr\u00f3b i mi\u0119sa bia\u0142e<\/h3>\n<ul data-start=\"1008\" data-end=\"1086\">\n<li data-section-id=\"1ed4h4a\" data-start=\"1008\" data-end=\"1028\">pieczony kurczak<\/li>\n<li data-section-id=\"1pctrt\" data-start=\"1029\" data-end=\"1038\">indyk<\/li>\n<li data-section-id=\"1pxn2du\" data-start=\"1039\" data-end=\"1086\">wieprzowina (zw\u0142aszcza w sosach \u015bmietanowych)<\/li>\n<\/ul>\n<hr data-start=\"1088\" data-end=\"1091\">\n<h3 data-section-id=\"oo9v48\" data-start=\"1093\" data-end=\"1113\">\ud83c\udf5d Dania kremowe<\/h3>\n<ul data-start=\"1114\" data-end=\"1182\">\n<li data-section-id=\"1x19wga\" data-start=\"1114\" data-end=\"1133\">makaron Alfredo<\/li>\n<li data-section-id=\"1pqfsa1\" data-start=\"1134\" data-end=\"1154\">risotto grzybowe<\/li>\n<li data-section-id=\"13vgbah\" data-start=\"1155\" data-end=\"1182\">dania na bazie \u015bmietany<\/li>\n<\/ul>\n<hr data-start=\"1184\" data-end=\"1187\">\n<h3 data-section-id=\"vvoqbp\" data-start=\"1189\" data-end=\"1200\">\ud83e\uddc0 Sery<\/h3>\n<ul data-start=\"1201\" data-end=\"1252\">\n<li data-section-id=\"8uhr26\" data-start=\"1201\" data-end=\"1220\">Brie, Camembert<\/li>\n<li data-section-id=\"1huh93h\" data-start=\"1221\" data-end=\"1240\">\u0142agodny cheddar<\/li>\n<li data-section-id=\"wou1u6\" data-start=\"1241\" data-end=\"1252\">Gruy\u00e8re<\/li>\n<\/ul>\n<hr data-start=\"1254\" data-end=\"1257\">\n<h3 data-section-id=\"1u50hya\" data-start=\"1259\" data-end=\"1286\">\ud83e\udd66 Opcje wegetaria\u0144skie<\/h3>\n<ul data-start=\"1287\" data-end=\"1350\">\n<li data-section-id=\"1brf0zk\" data-start=\"1287\" data-end=\"1307\">dania z grzybami<\/li>\n<li data-section-id=\"dl82ae\" data-start=\"1308\" data-end=\"1326\">pieczona dynia<\/li>\n<li data-section-id=\"1920ck2\" data-start=\"1327\" data-end=\"1350\">zapiekanki warzywne<\/li>\n<\/ul>\n<hr data-start=\"1352\" data-end=\"1355\">\n<h2 data-section-id=\"f15tpd\" data-start=\"1357\" data-end=\"1375\">\u26a0\ufe0f Czego unika\u0107<\/h2>\n<ul data-start=\"1376\" data-end=\"1490\">\n<li data-section-id=\"10y3dfo\" data-start=\"1376\" data-end=\"1435\">bardzo lekkich, kwa\u015bnych potraw (wino wyda si\u0119 ci\u0119\u017ckie)<\/li>\n<li data-section-id=\"1jpflck\" data-start=\"1436\" data-end=\"1490\">ostrych, pikantnych da\u0144 (alkohol + beczka si\u0119 gryz\u0105)<\/li>\n<\/ul>\n<hr data-start=\"1492\" data-end=\"1495\">\n<h2 data-section-id=\"1373yhc\" data-start=\"1497\" data-end=\"1515\">\ud83e\udde0 Podsumowanie<\/h2>\n<ul data-start=\"1516\" data-end=\"1686\">\n<li data-section-id=\"obn8fo\" data-start=\"1516\" data-end=\"1574\">Styl: <strong data-start=\"1524\" data-end=\"1572\">pe\u0142niejsze, kremowe Chardonnay z nut\u0105 beczki<\/strong><\/li>\n<li data-section-id=\"1uu3d3l\" data-start=\"1575\" data-end=\"1635\">Najlepsze do: <strong data-start=\"1591\" data-end=\"1633\">ma\u015blanych ryb, drobiu, kremowych sos\u00f3w<\/strong><\/li>\n<li data-section-id=\"lufvht\" data-start=\"1636\" data-end=\"1686\">Nie do: <strong data-start=\"1646\" data-end=\"1686\">bardzo lekkich lub pikantnych potraw<\/strong><\/li>\n<\/ul>\n\n<p><\/p>\n","protected":false},"excerpt":{"rendered":"<p>Romeira Chardonnay (region Lisboa, Portugalia, producent Caves Velhas) to przyst\u0119pne cenowo bia\u0142e wino w stylu bardziej pe\u0142nym i lekko beczkowym. \ud83c\udf77 Charakterystyka wina Szczep: Chardonnay Region: Lisboa (okolice Bucelas), Portugalia Alkohol: ok. 12,5\u201313% Winifikacja: fermentacja w kontrolowanej temperaturze + dojrzewanie w d\u0119bowych beczkach francuskich (u\u017cywanych) \ud83d\udc43 Aroma and taste nuty wanilii i pra\u017conych orzech\u00f3w (wp\u0142yw [&hellip;]<\/p>\n","protected":false},"featured_media":19848,"comment_status":"closed","ping_status":"closed","template":"","meta":[],"product_brand":[],"product_cat":[1094,1097],"product_tag":[1374,1355],"class_list":{"0":"post-20917","1":"product","2":"type-product","3":"status-publish","4":"has-post-thumbnail","6":"product_cat-drinks","7":"product_cat-wine","8":"product_tag-barrel-aged","9":"product_tag-mono-varietal","11":"first","12":"instock","13":"purchasable","14":"product-type-simple"},"_links":{"self":[{"href":"https:\/\/www.portugalskiswiat.com\/en\/wp-json\/wp\/v2\/product\/20917","targetHints":{"allow":["GET"]}}],"collection":[{"href":"https:\/\/www.portugalskiswiat.com\/en\/wp-json\/wp\/v2\/product"}],"about":[{"href":"https:\/\/www.portugalskiswiat.com\/en\/wp-json\/wp\/v2\/types\/product"}],"replies":[{"embeddable":true,"href":"https:\/\/www.portugalskiswiat.com\/en\/wp-json\/wp\/v2\/comments?post=20917"}],"wp:featuredmedia":[{"embeddable":true,"href":"https:\/\/www.portugalskiswiat.com\/en\/wp-json\/wp\/v2\/media\/19848"}],"wp:attachment":[{"href":"https:\/\/www.portugalskiswiat.com\/en\/wp-json\/wp\/v2\/media?parent=20917"}],"wp:term":[{"taxonomy":"product_brand","embeddable":true,"href":"https:\/\/www.portugalskiswiat.com\/en\/wp-json\/wp\/v2\/product_brand?post=20917"},{"taxonomy":"product_cat","embeddable":true,"href":"https:\/\/www.portugalskiswiat.com\/en\/wp-json\/wp\/v2\/product_cat?post=20917"},{"taxonomy":"product_tag","embeddable":true,"href":"https:\/\/www.portugalskiswiat.com\/en\/wp-json\/wp\/v2\/product_tag?post=20917"}],"curies":[{"name":"wp","href":"https:\/\/api.w.org\/{rel}","templated":true}]}}