{"id":20906,"date":"2025-12-16T16:39:53","date_gmt":"2025-12-16T15:39:53","guid":{"rendered":"https:\/\/www.portugalskiswiat.com\/sklep\/uncategorized\/quinta-s-joao-batista-d-o-c-tejo-reserva-touriga-nacional-cab-sauvignon-2\/"},"modified":"2025-12-16T16:39:53","modified_gmt":"2025-12-16T15:39:53","slug":"quinta-s-joao-batista-d-o-c-tejo-reserva-touriga-nacional-cab-sauvignon-2","status":"publish","type":"product","link":"https:\/\/www.portugalskiswiat.com\/en\/sklep\/drinks\/wine\/quinta-s-joao-batista-d-o-c-tejo-reserva-touriga-nacional-cab-sauvignon-2\/","title":{"rendered":"QUINTA S. JO\u00c3O BATISTA D.O.C. Tejo Reserva Touriga Nacional\/Cab. Sauvignon"},"content":{"rendered":"<p><b>Typ<\/b><b>: <\/b>czerwone wytrawne<\/p>\n<p><b>Szczepy: <\/b>Touriga Nacional (50%) i Cabernet Sauvignon (50%)<\/p>\n<p><b>Starzenie:<\/b> 12 miesi\u0119cy w beczkach z d\u0119bu francuskiego.<\/p>\n<p><b>Winifikacja: <\/b>Kupa\u017c ca\u0142kowicie pozbawiony szypu\u0142ek, wyd\u0142u\u017cony kontakt ze sk\u00f3rkami, fermentacja alkoholowa w temperaturze 28\u00baC.<\/p>\n<p><b>Uwagi degustacyjne: <\/b>intensywny kolor granatu z odcieniami fioletu. Aromaty d\u017cemu z je\u017cyn i bor\u00f3wek dope\u0142niony nutami kwiatowymi i przyprawowymi. W ustach pe\u0142na intensywna struktura z okr\u0105g\u0142ymi jedwabistymi taninami.  <\/p>\n<p>Polecamy do da\u0144 z kuchni \u015br\u00f3dziemnomorskiej i intensywnych ser\u00f3w.<\/p>\n<p>Zawarto\u015b\u0107 alkoholu: 14,5%<\/p>\n<p><b>Ca\u0142kowita <\/b><b>k<\/b><b>wasowo\u015b\u0107: <\/b>5,4 g\/l<\/p>\n<p><b>pH: <\/b>3,52<\/p>\n<p><b>Podawa\u0107 w<\/b><b> temperaturze: <\/b>18\u00baC<\/p>\n<p><b>Concours Mondial de Bruxelles 2019: <\/b>Srebrny Medal <b>Wine Enthusiast: <\/b>91 punkty<\/p>\n<p>&nbsp;<\/p>\n","protected":false},"excerpt":{"rendered":"<p>Typ: czerwone wytrawne Szczepy: Touriga Nacional (50%) i Cabernet Sauvignon (50%) Starzenie: 12 miesi\u0119cy w beczkach z d\u0119bu francuskiego. Winifikacja: Kupa\u017c ca\u0142kowicie pozbawiony szypu\u0142ek, wyd\u0142u\u017cony kontakt ze sk\u00f3rkami, fermentacja alkoholowa w temperaturze 28\u00baC. Uwagi degustacyjne: intensywny kolor granatu z odcieniami fioletu. Aromaty d\u017cemu z je\u017cyn i bor\u00f3wek dope\u0142niony nutami kwiatowymi i przyprawowymi. W ustach pe\u0142na [&hellip;]<\/p>\n","protected":false},"featured_media":20909,"comment_status":"closed","ping_status":"open","template":"","meta":[],"product_brand":[],"product_cat":[1094,1097],"product_tag":[1374],"class_list":{"0":"post-20906","1":"product","2":"type-product","3":"status-publish","4":"has-post-thumbnail","6":"product_cat-drinks","7":"product_cat-wine","8":"product_tag-barrel-aged","10":"first","11":"instock","12":"purchasable","13":"product-type-simple"},"_links":{"self":[{"href":"https:\/\/www.portugalskiswiat.com\/en\/wp-json\/wp\/v2\/product\/20906","targetHints":{"allow":["GET"]}}],"collection":[{"href":"https:\/\/www.portugalskiswiat.com\/en\/wp-json\/wp\/v2\/product"}],"about":[{"href":"https:\/\/www.portugalskiswiat.com\/en\/wp-json\/wp\/v2\/types\/product"}],"replies":[{"embeddable":true,"href":"https:\/\/www.portugalskiswiat.com\/en\/wp-json\/wp\/v2\/comments?post=20906"}],"wp:featuredmedia":[{"embeddable":true,"href":"https:\/\/www.portugalskiswiat.com\/en\/wp-json\/wp\/v2\/media\/20909"}],"wp:attachment":[{"href":"https:\/\/www.portugalskiswiat.com\/en\/wp-json\/wp\/v2\/media?parent=20906"}],"wp:term":[{"taxonomy":"product_brand","embeddable":true,"href":"https:\/\/www.portugalskiswiat.com\/en\/wp-json\/wp\/v2\/product_brand?post=20906"},{"taxonomy":"product_cat","embeddable":true,"href":"https:\/\/www.portugalskiswiat.com\/en\/wp-json\/wp\/v2\/product_cat?post=20906"},{"taxonomy":"product_tag","embeddable":true,"href":"https:\/\/www.portugalskiswiat.com\/en\/wp-json\/wp\/v2\/product_tag?post=20906"}],"curies":[{"name":"wp","href":"https:\/\/api.w.org\/{rel}","templated":true}]}}