{"id":20893,"date":"2026-02-04T16:23:36","date_gmt":"2026-02-04T15:23:36","guid":{"rendered":"https:\/\/www.portugalskiswiat.com\/sklep\/uncategorized\/pipa-rosa-d-o-c-beira-interior-reserva-siria\/"},"modified":"2026-02-04T16:23:36","modified_gmt":"2026-02-04T15:23:36","slug":"pipa-rosa-d-o-c-beira-interior-reserva-siria","status":"publish","type":"product","link":"https:\/\/www.portugalskiswiat.com\/en\/sklep\/drinks\/wine\/pipa-rosa-d-o-c-beira-interior-reserva-siria\/","title":{"rendered":"PIPA ROSA D.O.C. Beira Interior Reserva S\u00edria"},"content":{"rendered":"<p data-start=\"181\" data-end=\"203\"><strong data-start=\"181\" data-end=\"203\">Tasting notes:<\/strong><\/p>\n<p data-start=\"205\" data-end=\"364\"><strong data-start=\"205\" data-end=\"215\">Kolor:<\/strong> Jasny, intensywny cytrynowo-z\u0142ocisty odcie\u0144 z subtelnymi zielonkawymi refleksami.<\/p>\n<p data-start=\"366\" data-end=\"749\"><strong data-start=\"366\" data-end=\"374\">Nos:<\/strong> Bardzo aromatyczny i ekspresyjny, z dominuj\u0105cymi nutami soczystych owoc\u00f3w: gruszki, brzoskwini i delikatnych cytrus\u00f3w \u2013 przeplatanymi subtelnymi tonami bia\u0142ych kwiat\u00f3w oraz odrobin\u0105 owoc\u00f3w suszonych i nut herbacianych.<\/p>\n<p data-start=\"751\" data-end=\"1101\"><strong data-start=\"751\" data-end=\"760\">Usta:<\/strong> \u015awie\u017ce, dobrze zbalansowane i finezyjne. Wyra\u017ana kwasowo\u015b\u0107 \u0142\u0105czy si\u0119 z owocow\u0105 soczysto\u015bci\u0105, nadaj\u0105c winu lekko\u015bci i energii. <\/p>\n<p><strong data-start=\"1112\" data-end=\"1128\">Winifikacja: <\/strong>To bia\u0142e wino powstaje wy\u0142\u0105cznie z gron szczepu <strong data-start=\"1208\" data-end=\"1217\">S\u00edria<\/strong> \u2013 kr\u00f3lewskiej odmiany bia\u0142ych winogron z regionu Beira Interior DOC w Portugalii, cenionej za swoj\u0105 aromatyczno\u015b\u0107. Po fermentacji wino pozostaje w kontakcie z osadem dro\u017cd\u017cowym przez oko\u0142o <strong data-start=\"1660\" data-end=\"1684\">3 miesi\u0105ce<\/strong>, co przyczynia si\u0119 do zwi\u0119kszenia z\u0142o\u017cono\u015bci aromat\u00f3w i g\u0142adko\u015bci w ustach, zachowuj\u0105c jednocze\u015bnie \u015bwie\u017co\u015b\u0107 i charakter odmiany. <\/p>\n<hr data-start=\"1854\" data-end=\"1857\">\n","protected":false},"excerpt":{"rendered":"<p>PIPA ROSA Beira Interior Reserva Siria to bia\u0142e, wytrawne wino z regionu Beira interior. 100% odmiana Siria. <\/p>\n","protected":false},"featured_media":20376,"comment_status":"closed","ping_status":"closed","template":"","meta":[],"product_brand":[],"product_cat":[1094,1097],"product_tag":[1374],"class_list":{"0":"post-20893","1":"product","2":"type-product","3":"status-publish","4":"has-post-thumbnail","6":"product_cat-drinks","7":"product_cat-wine","8":"product_tag-barrel-aged","10":"first","11":"instock","12":"purchasable","13":"product-type-simple"},"_links":{"self":[{"href":"https:\/\/www.portugalskiswiat.com\/en\/wp-json\/wp\/v2\/product\/20893","targetHints":{"allow":["GET"]}}],"collection":[{"href":"https:\/\/www.portugalskiswiat.com\/en\/wp-json\/wp\/v2\/product"}],"about":[{"href":"https:\/\/www.portugalskiswiat.com\/en\/wp-json\/wp\/v2\/types\/product"}],"replies":[{"embeddable":true,"href":"https:\/\/www.portugalskiswiat.com\/en\/wp-json\/wp\/v2\/comments?post=20893"}],"wp:featuredmedia":[{"embeddable":true,"href":"https:\/\/www.portugalskiswiat.com\/en\/wp-json\/wp\/v2\/media\/20376"}],"wp:attachment":[{"href":"https:\/\/www.portugalskiswiat.com\/en\/wp-json\/wp\/v2\/media?parent=20893"}],"wp:term":[{"taxonomy":"product_brand","embeddable":true,"href":"https:\/\/www.portugalskiswiat.com\/en\/wp-json\/wp\/v2\/product_brand?post=20893"},{"taxonomy":"product_cat","embeddable":true,"href":"https:\/\/www.portugalskiswiat.com\/en\/wp-json\/wp\/v2\/product_cat?post=20893"},{"taxonomy":"product_tag","embeddable":true,"href":"https:\/\/www.portugalskiswiat.com\/en\/wp-json\/wp\/v2\/product_tag?post=20893"}],"curies":[{"name":"wp","href":"https:\/\/api.w.org\/{rel}","templated":true}]}}