{"id":20891,"date":"2026-02-04T15:59:46","date_gmt":"2026-02-04T14:59:46","guid":{"rendered":"https:\/\/www.portugalskiswiat.com\/sklep\/uncategorized\/pipa-rosa-d-o-c-beira-interior-3-szczepy\/"},"modified":"2026-02-04T15:59:46","modified_gmt":"2026-02-04T14:59:46","slug":"pipa-rosa-d-o-c-beira-interior-3-szczepy","status":"publish","type":"product","link":"https:\/\/www.portugalskiswiat.com\/en\/sklep\/drinks\/wine\/pipa-rosa-d-o-c-beira-interior-3-szczepy\/","title":{"rendered":"PIPA ROSA D.O.C. Beira Interior 3 szczepy"},"content":{"rendered":"<p data-start=\"224\" data-end=\"246\"><strong data-start=\"224\" data-end=\"246\">Tasting notes:<\/strong><\/p>\n<p data-start=\"896\" data-end=\"1006\"><strong data-start=\"896\" data-end=\"906\">Kolor:<\/strong> Intensywny granatowo-rubinowy odcie\u0144 z bogatym po\u0142yskiem.<\/p>\n<p data-start=\"1008\" data-end=\"1185\"><strong data-start=\"1008\" data-end=\"1016\">Nos:<\/strong> Aromaty intensywnych, dojrza\u0142ych czerwonych owoc\u00f3w (czere\u015bnia, \u015bliwka) z nutami kakao i subtelnymi akcentami pra\u017conych orzech\u00f3w.<\/p>\n<p data-start=\"1187\" data-end=\"1358\"><strong data-start=\"1187\" data-end=\"1196\">Usta:<\/strong> Pe\u0142ne, owocowe i dobrze zbudowane, z aksamitnymi taninami i zbalansowan\u0105 struktur\u0105. Finisz jest harmonijny i d\u0142ugotrwa\u0142y.<\/p>\n<p><strong>Winifikacja:<\/strong> winogrona s\u0105 <strong data-start=\"1392\" data-end=\"1421\">ca\u0142kowicie odszypu\u0142kowane<\/strong>. Po fermentacji wino <strong data-start=\"1557\" data-end=\"1606\">dojrzewa oko\u0142o 3 miesi\u0105ce w beczkach d\u0119bowych<\/strong>, co wzbogaca je o subtelne nuty wanilii i przypraw.<\/p>\n","protected":false},"excerpt":{"rendered":"<p>PIPA ROSA Beira Interior 3 szczepy to czerwone, wytrawne wino z regionu Beira interior. Kupa\u017c szczep\u00f3w Touriga Nacional, Tinta Roriz, Baga.<\/p>\n","protected":false},"featured_media":20368,"comment_status":"closed","ping_status":"closed","template":"","meta":[],"product_brand":[],"product_cat":[1094,1097],"product_tag":[1374],"class_list":{"0":"post-20891","1":"product","2":"type-product","3":"status-publish","4":"has-post-thumbnail","6":"product_cat-drinks","7":"product_cat-wine","8":"product_tag-barrel-aged","10":"first","11":"instock","12":"purchasable","13":"product-type-simple"},"_links":{"self":[{"href":"https:\/\/www.portugalskiswiat.com\/en\/wp-json\/wp\/v2\/product\/20891","targetHints":{"allow":["GET"]}}],"collection":[{"href":"https:\/\/www.portugalskiswiat.com\/en\/wp-json\/wp\/v2\/product"}],"about":[{"href":"https:\/\/www.portugalskiswiat.com\/en\/wp-json\/wp\/v2\/types\/product"}],"replies":[{"embeddable":true,"href":"https:\/\/www.portugalskiswiat.com\/en\/wp-json\/wp\/v2\/comments?post=20891"}],"wp:featuredmedia":[{"embeddable":true,"href":"https:\/\/www.portugalskiswiat.com\/en\/wp-json\/wp\/v2\/media\/20368"}],"wp:attachment":[{"href":"https:\/\/www.portugalskiswiat.com\/en\/wp-json\/wp\/v2\/media?parent=20891"}],"wp:term":[{"taxonomy":"product_brand","embeddable":true,"href":"https:\/\/www.portugalskiswiat.com\/en\/wp-json\/wp\/v2\/product_brand?post=20891"},{"taxonomy":"product_cat","embeddable":true,"href":"https:\/\/www.portugalskiswiat.com\/en\/wp-json\/wp\/v2\/product_cat?post=20891"},{"taxonomy":"product_tag","embeddable":true,"href":"https:\/\/www.portugalskiswiat.com\/en\/wp-json\/wp\/v2\/product_tag?post=20891"}],"curies":[{"name":"wp","href":"https:\/\/api.w.org\/{rel}","templated":true}]}}