{"id":20890,"date":"2026-02-03T19:48:24","date_gmt":"2026-02-03T18:48:24","guid":{"rendered":"https:\/\/www.portugalskiswiat.com\/sklep\/uncategorized\/pipa-rosa-d-o-c-beira-interior\/"},"modified":"2026-02-03T19:48:24","modified_gmt":"2026-02-03T18:48:24","slug":"pipa-rosa-d-o-c-beira-interior","status":"publish","type":"product","link":"https:\/\/www.portugalskiswiat.com\/en\/sklep\/drinks\/wine\/pipa-rosa-d-o-c-beira-interior\/","title":{"rendered":"PIPA ROSA D.O.C. Beira Interior"},"content":{"rendered":"<p data-start=\"224\" data-end=\"246\"><strong data-start=\"224\" data-end=\"246\">Tasting notes:<\/strong><\/p>\n<p data-start=\"248\" data-end=\"411\"><strong data-start=\"248\" data-end=\"258\">Kolor:<\/strong> Jasny, cytrusowy odcie\u0144 z delikatnymi zielonkawymi refleksami.<\/p>\n<p data-start=\"413\" data-end=\"713\"><strong data-start=\"413\" data-end=\"421\">Nos:<\/strong> Aromatyczny i przyjemny, z dominuj\u0105cymi nutami soczystych owoc\u00f3w: gruszki, jab\u0142ka i \u015bwie\u017cych cytrus\u00f3w, przeplatanymi subtelnymi tonami bia\u0142ych kwiat\u00f3w i delikatnych nut zio\u0142owych. Bukiet m\u0142ody, pe\u0142en owocowej intensywno\u015bci i elegancji. <\/p>\n<p data-start=\"715\" data-end=\"1033\"><strong data-start=\"715\" data-end=\"724\">Usta:<\/strong> \u015awie\u017ce, wyra\u017anie owocowe i harmonijne. Wyra\u017ana, orze\u017awiaj\u0105ca kwasowo\u015b\u0107 tworzy pi\u0119kn\u0105 r\u00f3wnowag\u0119 z akcentami bia\u0142ych owoc\u00f3w oraz kwiat\u00f3w. Finisz delikatny, d\u0142ugo utrzymuj\u0105cy si\u0119, pe\u0142en finezji i lekko\u015bci.  <\/p>\n<hr data-start=\"1035\" data-end=\"1038\">\n<h3 data-start=\"1040\" data-end=\"1060\"><strong data-start=\"1044\" data-end=\"1060\">Winifikacja:<\/strong><\/h3>\n<p data-start=\"1062\" data-end=\"1804\">Wino powstaje z blendu tradycyjnych bia\u0142ych szczep\u00f3w regionu Beira Interior \u2013 <strong data-start=\"1140\" data-end=\"1173\">S\u00edria, Malvasia Fina i Arinto.<\/strong><br data-start=\"1300\" data-end=\"1303\">Po fermentacji wino pozostaje w kontakcie z dro\u017cd\u017cowymi osadami przez ok. <strong data-start=\"1646\" data-end=\"1670\">3 miesi\u0105ce batonnage<\/strong>, dodaj\u0105c mu pe\u0142niejszej struktury i delikatnej tekstury, przy zachowaniu \u015bwie\u017co\u015bci i elegancji.<\/p>\n","protected":false},"excerpt":{"rendered":"<p>PIPA ROSA Beira Interior to bia\u0142e, wytrawne wino z regionu Beira interior. Kupa\u017c szczep\u00f3w Siria, Malvasia Fina orz Arinto. <\/p>\n","protected":false},"featured_media":20364,"comment_status":"closed","ping_status":"closed","template":"","meta":[],"product_brand":[],"product_cat":[1094,1097],"product_tag":[],"class_list":{"0":"post-20890","1":"product","2":"type-product","3":"status-publish","4":"has-post-thumbnail","6":"product_cat-drinks","7":"product_cat-wine","9":"first","10":"instock","11":"purchasable","12":"product-type-simple"},"_links":{"self":[{"href":"https:\/\/www.portugalskiswiat.com\/en\/wp-json\/wp\/v2\/product\/20890","targetHints":{"allow":["GET"]}}],"collection":[{"href":"https:\/\/www.portugalskiswiat.com\/en\/wp-json\/wp\/v2\/product"}],"about":[{"href":"https:\/\/www.portugalskiswiat.com\/en\/wp-json\/wp\/v2\/types\/product"}],"replies":[{"embeddable":true,"href":"https:\/\/www.portugalskiswiat.com\/en\/wp-json\/wp\/v2\/comments?post=20890"}],"wp:featuredmedia":[{"embeddable":true,"href":"https:\/\/www.portugalskiswiat.com\/en\/wp-json\/wp\/v2\/media\/20364"}],"wp:attachment":[{"href":"https:\/\/www.portugalskiswiat.com\/en\/wp-json\/wp\/v2\/media?parent=20890"}],"wp:term":[{"taxonomy":"product_brand","embeddable":true,"href":"https:\/\/www.portugalskiswiat.com\/en\/wp-json\/wp\/v2\/product_brand?post=20890"},{"taxonomy":"product_cat","embeddable":true,"href":"https:\/\/www.portugalskiswiat.com\/en\/wp-json\/wp\/v2\/product_cat?post=20890"},{"taxonomy":"product_tag","embeddable":true,"href":"https:\/\/www.portugalskiswiat.com\/en\/wp-json\/wp\/v2\/product_tag?post=20890"}],"curies":[{"name":"wp","href":"https:\/\/api.w.org\/{rel}","templated":true}]}}