{"id":20864,"date":"2026-01-29T12:46:46","date_gmt":"2026-01-29T11:46:46","guid":{"rendered":"https:\/\/www.portugalskiswiat.com\/sklep\/uncategorized\/cadao-porto-tawny-30-lat\/"},"modified":"2026-01-29T12:46:46","modified_gmt":"2026-01-29T11:46:46","slug":"cadao-porto-tawny-30-lat","status":"publish","type":"product","link":"https:\/\/www.portugalskiswiat.com\/en\/sklep\/drinks\/wine\/cadao-porto-tawny-30-lat\/","title":{"rendered":"CAD\u00c3O Porto Tawny 30 lat"},"content":{"rendered":"<p data-start=\"204\" data-end=\"415\"><strong data-start=\"204\" data-end=\"214\">Kolor:<\/strong> G\u0142\u0119boki, intensywny bursztyn przechodz\u0105cy w miedziano-z\u0142ote odcienie \u2014 barwa charakterystyczna dla win Porto, kt\u00f3re <strong data-start=\"327\" data-end=\"374\">przez dekady dojrzewa\u0142y w d\u0119bowych beczkach<\/strong>, zyskuj\u0105c intensywnie ewoluowany wygl\u0105d.<\/p>\n<p data-start=\"417\" data-end=\"697\"><strong data-start=\"417\" data-end=\"425\">Nos:<\/strong> Bardzo z\u0142o\u017cony aromat suszonych owoc\u00f3w \u2014 figi, morele i rodzynki \u2014 przeplata si\u0119 z nutami miodu, pra\u017conych orzech\u00f3w, karmelu oraz subtelnymi niuansami przypraw korzennych i d\u0119bowej wanilii. Bukiet jest g\u0142\u0119boki, bogaty i elegancki, \u015bwiadcz\u0105cy o d\u0142ugim kontakcie z drewnem. <\/p>\n<p data-start=\"699\" data-end=\"985\"><strong data-start=\"699\" data-end=\"708\">Usta:<\/strong> Pe\u0142ne, jedwabiste i intensywne, z harmonijn\u0105 r\u00f3wnowag\u0105 mi\u0119dzy naturaln\u0105 s\u0142odycz\u0105 a \u015bwie\u017c\u0105, delikatn\u0105 kwasowo\u015bci\u0105. Smak owoc\u00f3w suszonych \u0142\u0105czy si\u0119 z nutami karmelu, toffi i pra\u017conych orzech\u00f3w, a d\u0142ugi, ciep\u0142y finisz pozostawia w ustach przyjemne akcenty korzenne i miodowe. <\/p>\n<p data-start=\"987\" data-end=\"1003\"><strong data-start=\"987\" data-end=\"1003\">Winifikacja:<\/strong><\/p>\n<p data-start=\"1005\" data-end=\"1472\">Cad\u00e3o Porto Tawny 30 lat to efekt <strong data-start=\"1039\" data-end=\"1097\">blendowania win Porto pochodz\u0105cych z r\u00f3\u017cnych rocznik\u00f3w<\/strong>, kt\u00f3rych \u015bredni wiek dojrzewania w d\u0119bowych beczkach wynosi <strong data-start=\"1158\" data-end=\"1174\">oko\u0142o 30 lat<\/strong>. Taki proces daje winu niezwyk\u0142\u0105 g\u0142\u0119bi\u0119 aromat\u00f3w, kompleksowo\u015b\u0107 i g\u0142adk\u0105 struktur\u0119, a ka\u017cdy sk\u0142adnik wnosi do kupa\u017cu dojrza\u0142e nuty owocowe oraz oksydacyjne, kt\u00f3re powstaj\u0105 przez d\u0142ugie starzenie w drewnie. <\/p>\n","protected":false},"excerpt":{"rendered":"<p>Cadao Porto Tawny 30 lat to wino wzmacniane pochodz\u0105ce z portugalskiego regionu Douro. Wyprodukowano z mieszanki lokalnych czerwonych winogron, tzw. &#8220;field blend&#8221; i starzone w beczkach d\u0119bowych przez 30 lat.  <\/p>\n","protected":false},"featured_media":20329,"comment_status":"closed","ping_status":"closed","template":"","meta":[],"product_brand":[],"product_cat":[1094,1097],"product_tag":[1374,1101],"class_list":{"0":"post-20864","1":"product","2":"type-product","3":"status-publish","4":"has-post-thumbnail","6":"product_cat-drinks","7":"product_cat-wine","8":"product_tag-barrel-aged","9":"product_tag-premium-wines","11":"first","12":"instock","13":"purchasable","14":"product-type-simple"},"_links":{"self":[{"href":"https:\/\/www.portugalskiswiat.com\/en\/wp-json\/wp\/v2\/product\/20864","targetHints":{"allow":["GET"]}}],"collection":[{"href":"https:\/\/www.portugalskiswiat.com\/en\/wp-json\/wp\/v2\/product"}],"about":[{"href":"https:\/\/www.portugalskiswiat.com\/en\/wp-json\/wp\/v2\/types\/product"}],"replies":[{"embeddable":true,"href":"https:\/\/www.portugalskiswiat.com\/en\/wp-json\/wp\/v2\/comments?post=20864"}],"wp:featuredmedia":[{"embeddable":true,"href":"https:\/\/www.portugalskiswiat.com\/en\/wp-json\/wp\/v2\/media\/20329"}],"wp:attachment":[{"href":"https:\/\/www.portugalskiswiat.com\/en\/wp-json\/wp\/v2\/media?parent=20864"}],"wp:term":[{"taxonomy":"product_brand","embeddable":true,"href":"https:\/\/www.portugalskiswiat.com\/en\/wp-json\/wp\/v2\/product_brand?post=20864"},{"taxonomy":"product_cat","embeddable":true,"href":"https:\/\/www.portugalskiswiat.com\/en\/wp-json\/wp\/v2\/product_cat?post=20864"},{"taxonomy":"product_tag","embeddable":true,"href":"https:\/\/www.portugalskiswiat.com\/en\/wp-json\/wp\/v2\/product_tag?post=20864"}],"curies":[{"name":"wp","href":"https:\/\/api.w.org\/{rel}","templated":true}]}}