{"id":20863,"date":"2026-01-29T12:21:07","date_gmt":"2026-01-29T11:21:07","guid":{"rendered":"https:\/\/www.portugalskiswiat.com\/sklep\/uncategorized\/cadao-porto-tawny-20-lat\/"},"modified":"2026-01-29T12:21:07","modified_gmt":"2026-01-29T11:21:07","slug":"cadao-porto-tawny-20-lat","status":"publish","type":"product","link":"https:\/\/www.portugalskiswiat.com\/en\/sklep\/drinks\/wine\/cadao-porto-tawny-20-lat\/","title":{"rendered":"CAD\u00c3O Porto Tawny 20 lat"},"content":{"rendered":"<p data-start=\"134\" data-end=\"354\"><strong data-start=\"134\" data-end=\"144\">Kolor:<\/strong> G\u0142\u0119boki bursztynowy z odcieniami miedzi i starego z\u0142ota.<\/p>\n<p data-start=\"356\" data-end=\"632\"><strong data-start=\"356\" data-end=\"364\">Nos:<\/strong> Z\u0142o\u017cony i intensywny bukiet suszonych owoc\u00f3w, takich jak morele i figi, spleciony z aromatami miodu, orzech\u00f3w w\u0142oskich oraz subtelnymi nutami tost\u00f3w i karmelu.<\/p>\n<p data-start=\"634\" data-end=\"1022\"><strong data-start=\"634\" data-end=\"643\">Usta:<\/strong> Pe\u0142ne, g\u0142adkie i bardzo harmonijne, z wyra\u017an\u0105, ale \u0142agodnie zbalansowan\u0105 s\u0142odycz\u0105. Dominuj\u0105 nuty suszonych owoc\u00f3w, karmelu i pra\u017conych orzech\u00f3w, podparte subteln\u0105, \u017cywiczno-waniliow\u0105 nut\u0105 d\u0119bu. Finisz jest d\u0142ugi, aksamitny i niezwykle elegancki, z nut\u0105 miodowej s\u0142odyczy i delikatn\u0105 kwasowo\u015bci\u0105, kt\u00f3ra zachowuje \u015bwietn\u0105 r\u00f3wnowag\u0119.  <\/p>\n<p data-start=\"1024\" data-end=\"1040\"><strong data-start=\"1024\" data-end=\"1040\">Winifikacja:<\/strong><\/p>\n<p data-start=\"1042\" data-end=\"1402\">Ten Porto Tawny to <strong data-start=\"1061\" data-end=\"1116\">blend kilku typowych odmian winoro\u015bli regionu Douro<\/strong>, w tym win z <strong data-start=\"1130\" data-end=\"1167\">starych winoro\u015bli (Vinhas Velhas)<\/strong> oraz szczep\u00f3w takich jak <em data-start=\"1193\" data-end=\"1259\">Touriga Nacional, Touriga Franca, Tinta Roriz, Sous\u00e3o, Tinto C\u00e3o<\/em> i <em data-start=\"1262\" data-end=\"1277\">Tinta Amarela<\/em>, co daje mu bogactwo aromat\u00f3w i struktur\u0119.<\/p>\n<p data-start=\"1404\" data-end=\"1730\">Winogrona s\u0105 starannie r\u0119cznie zbierane, a fermentacja przebiega tradycyjn\u0105 metod\u0105 Porto z d\u0142ug\u0105 maceracj\u0105 sk\u00f3rek. Po wzbogaceniu alkoholem winogronowym wino dojrzewa w d\u0119bowych beczkach przez 20 lat, co pozwala mu stopniowo rozwija\u0107 bursztynow\u0105 barw\u0119 oraz z\u0142o\u017cony aromat oksydacyjny. <\/p>\n","protected":false},"excerpt":{"rendered":"<p>Cadao Porto Tawny 20 lat to wino wzmacniane pochodz\u0105ce z portugalskiego regionu Douro. Wyprodukowano z mieszanki lokalnych czerwonych winogron, tzw. &#8220;field blend&#8221; i starzone w beczkach d\u0119bowych przez 20 lat.  <\/p>\n","protected":false},"featured_media":20325,"comment_status":"closed","ping_status":"closed","template":"","meta":[],"product_brand":[],"product_cat":[1094,1097],"product_tag":[1374],"class_list":{"0":"post-20863","1":"product","2":"type-product","3":"status-publish","4":"has-post-thumbnail","6":"product_cat-drinks","7":"product_cat-wine","8":"product_tag-barrel-aged","10":"first","11":"instock","12":"purchasable","13":"product-type-simple"},"_links":{"self":[{"href":"https:\/\/www.portugalskiswiat.com\/en\/wp-json\/wp\/v2\/product\/20863","targetHints":{"allow":["GET"]}}],"collection":[{"href":"https:\/\/www.portugalskiswiat.com\/en\/wp-json\/wp\/v2\/product"}],"about":[{"href":"https:\/\/www.portugalskiswiat.com\/en\/wp-json\/wp\/v2\/types\/product"}],"replies":[{"embeddable":true,"href":"https:\/\/www.portugalskiswiat.com\/en\/wp-json\/wp\/v2\/comments?post=20863"}],"wp:featuredmedia":[{"embeddable":true,"href":"https:\/\/www.portugalskiswiat.com\/en\/wp-json\/wp\/v2\/media\/20325"}],"wp:attachment":[{"href":"https:\/\/www.portugalskiswiat.com\/en\/wp-json\/wp\/v2\/media?parent=20863"}],"wp:term":[{"taxonomy":"product_brand","embeddable":true,"href":"https:\/\/www.portugalskiswiat.com\/en\/wp-json\/wp\/v2\/product_brand?post=20863"},{"taxonomy":"product_cat","embeddable":true,"href":"https:\/\/www.portugalskiswiat.com\/en\/wp-json\/wp\/v2\/product_cat?post=20863"},{"taxonomy":"product_tag","embeddable":true,"href":"https:\/\/www.portugalskiswiat.com\/en\/wp-json\/wp\/v2\/product_tag?post=20863"}],"curies":[{"name":"wp","href":"https:\/\/api.w.org\/{rel}","templated":true}]}}