{"id":18039,"date":"2025-11-17T09:50:02","date_gmt":"2025-11-17T08:50:02","guid":{"rendered":"https:\/\/www.portugalskiswiat.com\/product\/paulo-laureano-d-o-c-alentejano-old-vines\/"},"modified":"2025-11-17T09:50:03","modified_gmt":"2025-11-17T08:50:03","slug":"paulo-laureano-d-o-c-alentejano-old-vines","status":"publish","type":"product","link":"https:\/\/www.portugalskiswiat.com\/en\/sklep\/uncategorized\/paulo-laureano-d-o-c-alentejano-old-vines\/","title":{"rendered":"PAULO LAUREANO D.O.C. Alentejano Old Vines"},"content":{"rendered":"<p><b>Typ<\/b><b>: <\/b>bia\u0142e wytrawne<\/p>\n<p><b>S<\/b><b>zczepy<\/b>:\u00a0 Arinto, Ant\u00e3o Vaz, Fern\u00e3o Pires<\/p>\n<p><b>Produkcja<\/b>: Gleby \u0142upkowe. Winogrona minimum 40-to letnie, ca\u0142kowicie pozbawione szypu\u0142ek, zgniatane w prasie hydraulicznej, kupa\u017c Arinto i\u00a0 Fern\u00e3o Pires fermentuje w stalowych kadziach w temperaturze 12<sup>o<\/sup>C przed 20 dni, moszcz ze szczepu Arinto sp\u0119dza ten czas w beczkach z d\u0119bu francuskiego. Wino starzone jest przez 4 miesi\u0105ce w beczce.<\/p>\n<p><b>U<\/b><b>wagi degustacyjne<\/b>:<\/p>\n<p><strong>Kolor<\/strong>: sk\u00f3rki cytryny.<\/p>\n<p><strong>Nos: <\/strong>Nuty cytrusowe z zaznaczon\u0105 mineralno\u015bci\u0105 oraz nutami floralnymi.<\/p>\n<p><strong>Usta: <\/strong>Mi\u0119kkie cia\u0142o, lekko oleiste, wyra\u017anie zaznaczona beczka<\/p>\n<p>Komponuje si\u0119 z mi\u0119kkim owczym serem, grillowan\u0105 ryb\u0105 oraz grillowanymi warzywami.<\/p>\n<p>&nbsp;<\/p>\n","protected":false},"excerpt":{"rendered":"<p>Typ: bia\u0142e wytrawne Szczepy:\u00a0 Arinto, Ant\u00e3o Vaz, Fern\u00e3o Pires Produkcja: Gleby \u0142upkowe. Winogrona minimum 40-to letnie, ca\u0142kowicie pozbawione szypu\u0142ek, zgniatane w prasie hydraulicznej, kupa\u017c Arinto i\u00a0 Fern\u00e3o Pires fermentuje w stalowych kadziach w temperaturze 12oC przed 20 dni, moszcz ze szczepu Arinto sp\u0119dza ten czas w beczkach z d\u0119bu francuskiego. Wino starzone jest przez 4 [&hellip;]<\/p>\n","protected":false},"featured_media":0,"comment_status":"closed","ping_status":"open","template":"","meta":[],"product_brand":[514],"product_cat":[15],"product_tag":[],"class_list":{"0":"post-18039","1":"product","2":"type-product","3":"status-publish","5":"product_brand-paulo-laureano","6":"product_cat-uncategorized","8":"first","9":"instock","10":"product-type-simple"},"_links":{"self":[{"href":"https:\/\/www.portugalskiswiat.com\/en\/wp-json\/wp\/v2\/product\/18039","targetHints":{"allow":["GET"]}}],"collection":[{"href":"https:\/\/www.portugalskiswiat.com\/en\/wp-json\/wp\/v2\/product"}],"about":[{"href":"https:\/\/www.portugalskiswiat.com\/en\/wp-json\/wp\/v2\/types\/product"}],"replies":[{"embeddable":true,"href":"https:\/\/www.portugalskiswiat.com\/en\/wp-json\/wp\/v2\/comments?post=18039"}],"wp:attachment":[{"href":"https:\/\/www.portugalskiswiat.com\/en\/wp-json\/wp\/v2\/media?parent=18039"}],"wp:term":[{"taxonomy":"product_brand","embeddable":true,"href":"https:\/\/www.portugalskiswiat.com\/en\/wp-json\/wp\/v2\/product_brand?post=18039"},{"taxonomy":"product_cat","embeddable":true,"href":"https:\/\/www.portugalskiswiat.com\/en\/wp-json\/wp\/v2\/product_cat?post=18039"},{"taxonomy":"product_tag","embeddable":true,"href":"https:\/\/www.portugalskiswiat.com\/en\/wp-json\/wp\/v2\/product_tag?post=18039"}],"curies":[{"name":"wp","href":"https:\/\/api.w.org\/{rel}","templated":true}]}}