{"id":17928,"date":"2025-11-17T09:48:00","date_gmt":"2025-11-17T08:48:00","guid":{"rendered":"https:\/\/www.portugalskiswiat.com\/product\/quinta-do-cardo-d-o-c-beira-interior-eko-siria-reserva\/"},"modified":"2025-11-17T09:48:00","modified_gmt":"2025-11-17T08:48:00","slug":"quinta-do-cardo-d-o-c-beira-interior-eko-siria-reserva","status":"publish","type":"product","link":"https:\/\/www.portugalskiswiat.com\/en\/sklep\/uncategorized\/quinta-do-cardo-d-o-c-beira-interior-eko-siria-reserva\/","title":{"rendered":"QUINTA DO CARDO D.O.C. Beira Interior EKO S\u00edria Reserva"},"content":{"rendered":"<p><strong>Apelacja:<\/strong> DOC Beira Interior<\/p>\n<p><strong>Typ:<\/strong> Bia\u0142e, wytrawne<\/p>\n<p><strong>Rocznik:<\/strong> 2015<br \/>\n<strong><br \/>\nSzczepy:<\/strong> 100% S\u00edria<\/p>\n<p><strong>Winifikacja:<\/strong> \u015bwie\u017ce winogrona zosta\u0142y starannie zebrane do 15 kg koszy i szybko przetransportowane do winnicy. Tam zosta\u0142y sprasowane w ca\u0142o\u015bci (z \u0142odygami) w ci\u0105gu 3 godzin w celu uzyskania bogatych moszcz\u00f3w, z wielk\u0105 \u015bwie\u017co\u015bci\u0105. Fermentacja mia\u0142a miejsce w kontrolowanej temperaturze (14 \u00baC) przez 4 tygodnie w 228 litrowych francuskich d\u0119bowych beczkach (50% nowy).<\/p>\n<p><strong>Starzenie:<\/strong> 10 miesi\u0119cy z dwu tygodniowym &#8220;battonnage&#8221;.<br \/>\nUwagi degustacyjne:<\/p>\n<p><strong>Kolor: <\/strong>zielonkawo cytrynowy kolor.<\/p>\n<p><strong>Nos:<\/strong> W nosie dominuje granit charakterystyczny dla terroir, z silnym mineralnym charakterem ponatto znajdziemy tu aromaty grejpfruta i kwiat\u00f3w.<\/p>\n<p><strong>Usta:<\/strong> Na podniebieniu jest oleiste z gigantyczn\u0105 \u015bwie\u017co\u015bci\u0105 i d\u0142ugim posmakiem.<\/p>\n<p><strong>Sugestie kuline:<\/strong> idealnego pasuje z daniami rybnymi, owocami morza, bia\u0142ym mi\u0119sem i sa\u0142atkami.<\/p>\n<p><strong>Wyprodukowano tylko 7 462 butelek.<\/strong><\/p>\n","protected":false},"excerpt":{"rendered":"<p>Apelacja: DOC Beira Interior Typ: Bia\u0142e, wytrawne Rocznik: 2015 Szczepy: 100% S\u00edria Winifikacja: \u015bwie\u017ce winogrona zosta\u0142y starannie zebrane do 15 kg koszy i szybko przetransportowane do winnicy. Tam zosta\u0142y sprasowane w ca\u0142o\u015bci (z \u0142odygami) w ci\u0105gu 3 godzin w celu uzyskania bogatych moszcz\u00f3w, z wielk\u0105 \u015bwie\u017co\u015bci\u0105. Fermentacja mia\u0142a miejsce w kontrolowanej temperaturze (14 \u00baC) przez [&hellip;]<\/p>\n","protected":false},"featured_media":0,"comment_status":"closed","ping_status":"open","template":"","meta":[],"product_brand":[424],"product_cat":[15],"product_tag":[],"class_list":{"0":"post-17928","1":"product","2":"type-product","3":"status-publish","5":"product_brand-quinta-do-cardo","6":"product_cat-uncategorized","8":"first","9":"instock","10":"purchasable","11":"product-type-simple"},"_links":{"self":[{"href":"https:\/\/www.portugalskiswiat.com\/en\/wp-json\/wp\/v2\/product\/17928","targetHints":{"allow":["GET"]}}],"collection":[{"href":"https:\/\/www.portugalskiswiat.com\/en\/wp-json\/wp\/v2\/product"}],"about":[{"href":"https:\/\/www.portugalskiswiat.com\/en\/wp-json\/wp\/v2\/types\/product"}],"replies":[{"embeddable":true,"href":"https:\/\/www.portugalskiswiat.com\/en\/wp-json\/wp\/v2\/comments?post=17928"}],"wp:attachment":[{"href":"https:\/\/www.portugalskiswiat.com\/en\/wp-json\/wp\/v2\/media?parent=17928"}],"wp:term":[{"taxonomy":"product_brand","embeddable":true,"href":"https:\/\/www.portugalskiswiat.com\/en\/wp-json\/wp\/v2\/product_brand?post=17928"},{"taxonomy":"product_cat","embeddable":true,"href":"https:\/\/www.portugalskiswiat.com\/en\/wp-json\/wp\/v2\/product_cat?post=17928"},{"taxonomy":"product_tag","embeddable":true,"href":"https:\/\/www.portugalskiswiat.com\/en\/wp-json\/wp\/v2\/product_tag?post=17928"}],"curies":[{"name":"wp","href":"https:\/\/api.w.org\/{rel}","templated":true}]}}