{"id":17927,"date":"2025-11-17T09:47:50","date_gmt":"2025-11-17T08:47:50","guid":{"rendered":"https:\/\/www.portugalskiswiat.com\/product\/herdade-dos-coteis-1000-herdeiros-i-g-t-alentejo\/"},"modified":"2025-11-17T09:47:57","modified_gmt":"2025-11-17T08:47:57","slug":"herdade-dos-coteis-1000-herdeiros-i-g-t-alentejo","status":"publish","type":"product","link":"https:\/\/www.portugalskiswiat.com\/en\/sklep\/uncategorized\/herdade-dos-coteis-1000-herdeiros-i-g-t-alentejo\/","title":{"rendered":"HERDADE DOS COT\u00c9IS 1000 HERDEIROS I.G.T. Alentejo"},"content":{"rendered":"<p><strong><br \/>\nLimitowana edycja 1000 ponumerowanych butelek<\/strong><\/p>\n<p><strong>Wino:<\/strong> czerwone, wytrawne<\/p>\n<p><strong>Winemaker:<\/strong> Eng. Jos\u00e9 Ant\u00f3nio Fonseca<\/p>\n<p><strong>Szczepy:<\/strong> Touriga National oraz Syrah<\/p>\n<p><strong>Metoda winifikacji:<\/strong> Fermentacja wraz z szypu\u0142kami w temperaturze 26\u00baC, nast\u0119pnie pofermentacyjna maceracja przez oko\u0142o miesi\u0105c<\/p>\n<p><strong>Starzenie:<\/strong> 10 miesi\u0119cy w nowych beczkach z d\u0119bu francuskiego<\/p>\n<p><strong>Uwagi degustacyjne:<\/strong> Wino gatunkowe o bardzo ciemnym kolorze, dobrze zbudowane, korpulentne ale przy okazji bardzo \u015bwie\u017ce i eleganckie. Przyjemna mi\u0119kka tanina i bardzo d\u0142ugi, kompleksowy finisz.<\/p>\n","protected":false},"excerpt":{"rendered":"<p>Limitowana edycja 1000 ponumerowanych butelek Wino: czerwone, wytrawne Winemaker: Eng. Jos\u00e9 Ant\u00f3nio Fonseca Szczepy: Touriga National oraz Syrah Metoda winifikacji: Fermentacja wraz z szypu\u0142kami w temperaturze 26\u00baC, nast\u0119pnie pofermentacyjna maceracja przez oko\u0142o miesi\u0105c Starzenie: 10 miesi\u0119cy w nowych beczkach z d\u0119bu francuskiego Uwagi degustacyjne: Wino gatunkowe o bardzo ciemnym kolorze, dobrze zbudowane, korpulentne ale przy [&hellip;]<\/p>\n","protected":false},"featured_media":0,"comment_status":"closed","ping_status":"open","template":"","meta":[],"product_brand":[303],"product_cat":[15],"product_tag":[],"class_list":{"0":"post-17927","1":"product","2":"type-product","3":"status-publish","5":"product_brand-herdade-dos-coteis","6":"product_cat-uncategorized","8":"first","9":"instock","10":"product-type-simple"},"_links":{"self":[{"href":"https:\/\/www.portugalskiswiat.com\/en\/wp-json\/wp\/v2\/product\/17927","targetHints":{"allow":["GET"]}}],"collection":[{"href":"https:\/\/www.portugalskiswiat.com\/en\/wp-json\/wp\/v2\/product"}],"about":[{"href":"https:\/\/www.portugalskiswiat.com\/en\/wp-json\/wp\/v2\/types\/product"}],"replies":[{"embeddable":true,"href":"https:\/\/www.portugalskiswiat.com\/en\/wp-json\/wp\/v2\/comments?post=17927"}],"wp:attachment":[{"href":"https:\/\/www.portugalskiswiat.com\/en\/wp-json\/wp\/v2\/media?parent=17927"}],"wp:term":[{"taxonomy":"product_brand","embeddable":true,"href":"https:\/\/www.portugalskiswiat.com\/en\/wp-json\/wp\/v2\/product_brand?post=17927"},{"taxonomy":"product_cat","embeddable":true,"href":"https:\/\/www.portugalskiswiat.com\/en\/wp-json\/wp\/v2\/product_cat?post=17927"},{"taxonomy":"product_tag","embeddable":true,"href":"https:\/\/www.portugalskiswiat.com\/en\/wp-json\/wp\/v2\/product_tag?post=17927"}],"curies":[{"name":"wp","href":"https:\/\/api.w.org\/{rel}","templated":true}]}}